{"id":45461,"date":"2018-11-28T13:57:03","date_gmt":"2018-11-28T10:57:03","guid":{"rendered":"http:\/\/www.ramrolf.eu\/product\/lvskidro-ziepju-turetajs-katrin-inclusive-500ml-melns\/"},"modified":"2018-11-28T13:57:03","modified_gmt":"2018-11-28T10:57:03","slug":"lvskidro-ziepju-turetajs-katrin-inclusive-500ml-melns","status":"publish","type":"product","link":"https:\/\/ramrolf.lv\/ru\/product\/lvskidro-ziepju-turetajs-katrin-inclusive-500ml-melns\/","title":{"rendered":"\u0160\u0137idro ziepju tur\u0113t\u0101js KATRIN Inclusive,  500ml,  melns"},"content":{"rendered":"","protected":false},"excerpt":{"rendered":"<p>Ziepju tur\u0113t\u0101ji<\/p>\n","protected":false},"featured_media":45462,"template":"","meta":[],"product_cat":[507],"product_tag":[],"_links":{"self":[{"href":"https:\/\/ramrolf.lv\/ru\/wp-json\/wp\/v2\/product\/45461"}],"collection":[{"href":"https:\/\/ramrolf.lv\/ru\/wp-json\/wp\/v2\/product"}],"about":[{"href":"https:\/\/ramrolf.lv\/ru\/wp-json\/wp\/v2\/types\/product"}],"wp:featuredmedia":[{"embeddable":true,"href":"https:\/\/ramrolf.lv\/ru\/wp-json\/wp\/v2\/media\/45462"}],"wp:attachment":[{"href":"https:\/\/ramrolf.lv\/ru\/wp-json\/wp\/v2\/media?parent=45461"}],"wp:term":[{"taxonomy":"product_cat","embeddable":true,"href":"https:\/\/ramrolf.lv\/ru\/wp-json\/wp\/v2\/product_cat?post=45461"},{"taxonomy":"product_tag","embeddable":true,"href":"https:\/\/ramrolf.lv\/ru\/wp-json\/wp\/v2\/product_tag?post=45461"}],"curies":[{"name":"wp","href":"https:\/\/api.w.org\/{rel}","templated":true}]}}