{"id":45483,"date":"2018-11-28T13:57:12","date_gmt":"2018-11-28T10:57:12","guid":{"rendered":"http:\/\/www.ramrolf.eu\/product\/lvmazgasanas-sukli-95x70x30mm-ar-vienu-abrazivu-pusi-10gab\/"},"modified":"2018-11-28T13:57:12","modified_gmt":"2018-11-28T10:57:12","slug":"lvmazgasanas-sukli-95x70x30mm-ar-vienu-abrazivu-pusi-10gab","status":"publish","type":"product","link":"https:\/\/ramrolf.lv\/ru\/product\/lvmazgasanas-sukli-95x70x30mm-ar-vienu-abrazivu-pusi-10gab\/","title":{"rendered":"Mazg\u0101\u0161anas s\u016bk\u013ci 95x70x30mm ar vienu abraz\u012bvu pusi,  10gab."},"content":{"rendered":"","protected":false},"excerpt":{"rendered":"<p>Lupatas, \u0161vammes<\/p>\n","protected":false},"featured_media":45484,"template":"","meta":[],"product_cat":[506],"product_tag":[],"_links":{"self":[{"href":"https:\/\/ramrolf.lv\/ru\/wp-json\/wp\/v2\/product\/45483"}],"collection":[{"href":"https:\/\/ramrolf.lv\/ru\/wp-json\/wp\/v2\/product"}],"about":[{"href":"https:\/\/ramrolf.lv\/ru\/wp-json\/wp\/v2\/types\/product"}],"wp:featuredmedia":[{"embeddable":true,"href":"https:\/\/ramrolf.lv\/ru\/wp-json\/wp\/v2\/media\/45484"}],"wp:attachment":[{"href":"https:\/\/ramrolf.lv\/ru\/wp-json\/wp\/v2\/media?parent=45483"}],"wp:term":[{"taxonomy":"product_cat","embeddable":true,"href":"https:\/\/ramrolf.lv\/ru\/wp-json\/wp\/v2\/product_cat?post=45483"},{"taxonomy":"product_tag","embeddable":true,"href":"https:\/\/ramrolf.lv\/ru\/wp-json\/wp\/v2\/product_tag?post=45483"}],"curies":[{"name":"wp","href":"https:\/\/api.w.org\/{rel}","templated":true}]}}