{"id":45533,"date":"2018-11-28T13:57:32","date_gmt":"2018-11-28T10:57:32","guid":{"rendered":"http:\/\/www.ramrolf.eu\/product\/lvmazgasanas-suklis-ar-vienu-abrazivu-pusi-un-ergonom-ielik\/"},"modified":"2018-11-28T13:57:32","modified_gmt":"2018-11-28T10:57:32","slug":"lvmazgasanas-suklis-ar-vienu-abrazivu-pusi-un-ergonom-ielik","status":"publish","type":"product","link":"https:\/\/ramrolf.lv\/ru\/product\/lvmazgasanas-suklis-ar-vienu-abrazivu-pusi-un-ergonom-ielik\/","title":{"rendered":"Mazg\u0101\u0161anas s\u016bklis ar vienu abraz\u012bvu pusi un ergonom. ielik."},"content":{"rendered":"","protected":false},"excerpt":{"rendered":"<p>Lupatas, \u0161vammes<\/p>\n","protected":false},"featured_media":45534,"template":"","meta":[],"product_cat":[506],"product_tag":[],"_links":{"self":[{"href":"https:\/\/ramrolf.lv\/ru\/wp-json\/wp\/v2\/product\/45533"}],"collection":[{"href":"https:\/\/ramrolf.lv\/ru\/wp-json\/wp\/v2\/product"}],"about":[{"href":"https:\/\/ramrolf.lv\/ru\/wp-json\/wp\/v2\/types\/product"}],"wp:featuredmedia":[{"embeddable":true,"href":"https:\/\/ramrolf.lv\/ru\/wp-json\/wp\/v2\/media\/45534"}],"wp:attachment":[{"href":"https:\/\/ramrolf.lv\/ru\/wp-json\/wp\/v2\/media?parent=45533"}],"wp:term":[{"taxonomy":"product_cat","embeddable":true,"href":"https:\/\/ramrolf.lv\/ru\/wp-json\/wp\/v2\/product_cat?post=45533"},{"taxonomy":"product_tag","embeddable":true,"href":"https:\/\/ramrolf.lv\/ru\/wp-json\/wp\/v2\/product_tag?post=45533"}],"curies":[{"name":"wp","href":"https:\/\/api.w.org\/{rel}","templated":true}]}}