{"id":45553,"date":"2018-11-28T13:57:40","date_gmt":"2018-11-28T10:57:40","guid":{"rendered":"http:\/\/www.ramrolf.eu\/product\/lvpleve-palesu-45-270m-15mkr-lldpe-caurspidiga\/"},"modified":"2018-11-28T13:57:40","modified_gmt":"2018-11-28T10:57:40","slug":"lvpleve-palesu-45-270m-15mkr-lldpe-caurspidiga","status":"publish","type":"product","link":"https:\/\/ramrolf.lv\/ru\/product\/lvpleve-palesu-45-270m-15mkr-lldpe-caurspidiga\/","title":{"rendered":"Pl\u0113ve pale\u0161u 45\/270m,  15mkr,  LLDPE,  caursp\u012bd\u012bga"},"content":{"rendered":"","protected":false},"excerpt":{"rendered":"<p>Produktu un pale\u0161u pl\u0113ve<\/p>\n","protected":false},"featured_media":45554,"template":"","meta":[],"product_cat":[504],"product_tag":[],"_links":{"self":[{"href":"https:\/\/ramrolf.lv\/ru\/wp-json\/wp\/v2\/product\/45553"}],"collection":[{"href":"https:\/\/ramrolf.lv\/ru\/wp-json\/wp\/v2\/product"}],"about":[{"href":"https:\/\/ramrolf.lv\/ru\/wp-json\/wp\/v2\/types\/product"}],"wp:featuredmedia":[{"embeddable":true,"href":"https:\/\/ramrolf.lv\/ru\/wp-json\/wp\/v2\/media\/45554"}],"wp:attachment":[{"href":"https:\/\/ramrolf.lv\/ru\/wp-json\/wp\/v2\/media?parent=45553"}],"wp:term":[{"taxonomy":"product_cat","embeddable":true,"href":"https:\/\/ramrolf.lv\/ru\/wp-json\/wp\/v2\/product_cat?post=45553"},{"taxonomy":"product_tag","embeddable":true,"href":"https:\/\/ramrolf.lv\/ru\/wp-json\/wp\/v2\/product_tag?post=45553"}],"curies":[{"name":"wp","href":"https:\/\/api.w.org\/{rel}","templated":true}]}}