{"id":45579,"date":"2018-11-28T13:57:51","date_gmt":"2018-11-28T10:57:51","guid":{"rendered":"http:\/\/www.ramrolf.eu\/product\/lvdvieli-salvetes-katrin-plus-zig-zag-2\/"},"modified":"2018-11-28T13:57:51","modified_gmt":"2018-11-28T10:57:51","slug":"lvdvieli-salvetes-katrin-plus-zig-zag-2","status":"publish","type":"product","link":"https:\/\/ramrolf.lv\/ru\/product\/lvdvieli-salvetes-katrin-plus-zig-zag-2\/","title":{"rendered":"Dvie\u013ci-salvetes KATRIN Plus Zig Zag 2"},"content":{"rendered":"","protected":false},"excerpt":{"rendered":"<p>Dvie\u013ci loksn\u0113s tur\u0113t\u0101jiem<\/p>\n","protected":false},"featured_media":45580,"template":"","meta":[],"product_cat":[510],"product_tag":[],"_links":{"self":[{"href":"https:\/\/ramrolf.lv\/ru\/wp-json\/wp\/v2\/product\/45579"}],"collection":[{"href":"https:\/\/ramrolf.lv\/ru\/wp-json\/wp\/v2\/product"}],"about":[{"href":"https:\/\/ramrolf.lv\/ru\/wp-json\/wp\/v2\/types\/product"}],"wp:featuredmedia":[{"embeddable":true,"href":"https:\/\/ramrolf.lv\/ru\/wp-json\/wp\/v2\/media\/45580"}],"wp:attachment":[{"href":"https:\/\/ramrolf.lv\/ru\/wp-json\/wp\/v2\/media?parent=45579"}],"wp:term":[{"taxonomy":"product_cat","embeddable":true,"href":"https:\/\/ramrolf.lv\/ru\/wp-json\/wp\/v2\/product_cat?post=45579"},{"taxonomy":"product_tag","embeddable":true,"href":"https:\/\/ramrolf.lv\/ru\/wp-json\/wp\/v2\/product_tag?post=45579"}],"curies":[{"name":"wp","href":"https:\/\/api.w.org\/{rel}","templated":true}]}}