{"id":45581,"date":"2018-11-28T13:57:52","date_gmt":"2018-11-28T10:57:52","guid":{"rendered":"http:\/\/www.ramrolf.eu\/product\/lvajax-floral-fiesta-stiklu-tirisanas-lidzeklis-ajax-500ml\/"},"modified":"2018-11-28T13:57:52","modified_gmt":"2018-11-28T10:57:52","slug":"lvajax-floral-fiesta-stiklu-tirisanas-lidzeklis-ajax-500ml","status":"publish","type":"product","link":"https:\/\/ramrolf.lv\/ru\/product\/lvajax-floral-fiesta-stiklu-tirisanas-lidzeklis-ajax-500ml\/","title":{"rendered":"AJAX Floral Fiesta stiklu t\u012br\u012b\u0161anas l\u012bdzeklis AJAX,  500ml"},"content":{"rendered":"","protected":false},"excerpt":{"rendered":"<p>Stiklu un spogu\u013cu t\u012br\u012b\u0161anas l\u012bdzek\u013ci<\/p>\n","protected":false},"featured_media":45582,"template":"","meta":[],"product_cat":[503],"product_tag":[],"_links":{"self":[{"href":"https:\/\/ramrolf.lv\/ru\/wp-json\/wp\/v2\/product\/45581"}],"collection":[{"href":"https:\/\/ramrolf.lv\/ru\/wp-json\/wp\/v2\/product"}],"about":[{"href":"https:\/\/ramrolf.lv\/ru\/wp-json\/wp\/v2\/types\/product"}],"wp:featuredmedia":[{"embeddable":true,"href":"https:\/\/ramrolf.lv\/ru\/wp-json\/wp\/v2\/media\/45582"}],"wp:attachment":[{"href":"https:\/\/ramrolf.lv\/ru\/wp-json\/wp\/v2\/media?parent=45581"}],"wp:term":[{"taxonomy":"product_cat","embeddable":true,"href":"https:\/\/ramrolf.lv\/ru\/wp-json\/wp\/v2\/product_cat?post=45581"},{"taxonomy":"product_tag","embeddable":true,"href":"https:\/\/ramrolf.lv\/ru\/wp-json\/wp\/v2\/product_tag?post=45581"}],"curies":[{"name":"wp","href":"https:\/\/api.w.org\/{rel}","templated":true}]}}