{"id":45585,"date":"2018-11-28T13:57:54","date_gmt":"2018-11-28T10:57:54","guid":{"rendered":"http:\/\/www.ramrolf.eu\/product\/lvspainis-estiko-12l-plastmasas\/"},"modified":"2018-11-28T13:57:54","modified_gmt":"2018-11-28T10:57:54","slug":"lvspainis-estiko-12l-plastmasas","status":"publish","type":"product","link":"https:\/\/ramrolf.lv\/ru\/product\/lvspainis-estiko-12l-plastmasas\/","title":{"rendered":"Spainis ESTIKO 12L plastmasas"},"content":{"rendered":"","protected":false},"excerpt":{"rendered":"<p>Spai\u0146i, uzkop\u0161anas rati\u0146i<\/p>\n","protected":false},"featured_media":45586,"template":"","meta":[],"product_cat":[506],"product_tag":[],"_links":{"self":[{"href":"https:\/\/ramrolf.lv\/ru\/wp-json\/wp\/v2\/product\/45585"}],"collection":[{"href":"https:\/\/ramrolf.lv\/ru\/wp-json\/wp\/v2\/product"}],"about":[{"href":"https:\/\/ramrolf.lv\/ru\/wp-json\/wp\/v2\/types\/product"}],"wp:featuredmedia":[{"embeddable":true,"href":"https:\/\/ramrolf.lv\/ru\/wp-json\/wp\/v2\/media\/45586"}],"wp:attachment":[{"href":"https:\/\/ramrolf.lv\/ru\/wp-json\/wp\/v2\/media?parent=45585"}],"wp:term":[{"taxonomy":"product_cat","embeddable":true,"href":"https:\/\/ramrolf.lv\/ru\/wp-json\/wp\/v2\/product_cat?post=45585"},{"taxonomy":"product_tag","embeddable":true,"href":"https:\/\/ramrolf.lv\/ru\/wp-json\/wp\/v2\/product_tag?post=45585"}],"curies":[{"name":"wp","href":"https:\/\/api.w.org\/{rel}","templated":true}]}}