{"id":45593,"date":"2018-11-28T13:57:58","date_gmt":"2018-11-28T10:57:58","guid":{"rendered":"http:\/\/www.ramrolf.eu\/product\/lvtualetes-papirs-classic-katrin-gigant-s2-2-sl-150m-balts\/"},"modified":"2018-11-28T13:57:58","modified_gmt":"2018-11-28T10:57:58","slug":"lvtualetes-papirs-classic-katrin-gigant-s2-2-sl-150m-balts","status":"publish","type":"product","link":"https:\/\/ramrolf.lv\/ru\/product\/lvtualetes-papirs-classic-katrin-gigant-s2-2-sl-150m-balts\/","title":{"rendered":"Tualetes pap\u012brs Classic KATRIN Gigant S2,  2 sl. 150m,  balts"},"content":{"rendered":"","protected":false},"excerpt":{"rendered":"<p>Tualetes pap\u012brs tur\u0113t\u0101jiem<\/p>\n","protected":false},"featured_media":45594,"template":"","meta":[],"product_cat":[511],"product_tag":[],"_links":{"self":[{"href":"https:\/\/ramrolf.lv\/ru\/wp-json\/wp\/v2\/product\/45593"}],"collection":[{"href":"https:\/\/ramrolf.lv\/ru\/wp-json\/wp\/v2\/product"}],"about":[{"href":"https:\/\/ramrolf.lv\/ru\/wp-json\/wp\/v2\/types\/product"}],"wp:featuredmedia":[{"embeddable":true,"href":"https:\/\/ramrolf.lv\/ru\/wp-json\/wp\/v2\/media\/45594"}],"wp:attachment":[{"href":"https:\/\/ramrolf.lv\/ru\/wp-json\/wp\/v2\/media?parent=45593"}],"wp:term":[{"taxonomy":"product_cat","embeddable":true,"href":"https:\/\/ramrolf.lv\/ru\/wp-json\/wp\/v2\/product_cat?post=45593"},{"taxonomy":"product_tag","embeddable":true,"href":"https:\/\/ramrolf.lv\/ru\/wp-json\/wp\/v2\/product_tag?post=45593"}],"curies":[{"name":"wp","href":"https:\/\/api.w.org\/{rel}","templated":true}]}}