{"id":45623,"date":"2018-11-28T13:58:11","date_gmt":"2018-11-28T10:58:11","guid":{"rendered":"http:\/\/www.ramrolf.eu\/product\/lvspainis-pit-ar-nospiedeju-12l-zils\/"},"modified":"2018-11-28T13:58:11","modified_gmt":"2018-11-28T10:58:11","slug":"lvspainis-pit-ar-nospiedeju-12l-zils","status":"publish","type":"product","link":"https:\/\/ramrolf.lv\/ru\/product\/lvspainis-pit-ar-nospiedeju-12l-zils\/","title":{"rendered":"Spainis PIT ar nospied\u0113ju 12L,  zils"},"content":{"rendered":"","protected":false},"excerpt":{"rendered":"<p>Spai\u0146i, uzkop\u0161anas rati\u0146i<\/p>\n","protected":false},"featured_media":45624,"template":"","meta":[],"product_cat":[506],"product_tag":[],"_links":{"self":[{"href":"https:\/\/ramrolf.lv\/ru\/wp-json\/wp\/v2\/product\/45623"}],"collection":[{"href":"https:\/\/ramrolf.lv\/ru\/wp-json\/wp\/v2\/product"}],"about":[{"href":"https:\/\/ramrolf.lv\/ru\/wp-json\/wp\/v2\/types\/product"}],"wp:featuredmedia":[{"embeddable":true,"href":"https:\/\/ramrolf.lv\/ru\/wp-json\/wp\/v2\/media\/45624"}],"wp:attachment":[{"href":"https:\/\/ramrolf.lv\/ru\/wp-json\/wp\/v2\/media?parent=45623"}],"wp:term":[{"taxonomy":"product_cat","embeddable":true,"href":"https:\/\/ramrolf.lv\/ru\/wp-json\/wp\/v2\/product_cat?post=45623"},{"taxonomy":"product_tag","embeddable":true,"href":"https:\/\/ramrolf.lv\/ru\/wp-json\/wp\/v2\/product_tag?post=45623"}],"curies":[{"name":"wp","href":"https:\/\/api.w.org\/{rel}","templated":true}]}}