{"id":45637,"date":"2018-11-28T13:58:16","date_gmt":"2018-11-28T10:58:16","guid":{"rendered":"http:\/\/www.ramrolf.eu\/product\/lvsano-carpet-shampoo-700ml-paklaju-tiritajs\/"},"modified":"2018-11-28T13:58:16","modified_gmt":"2018-11-28T10:58:16","slug":"lvsano-carpet-shampoo-700ml-paklaju-tiritajs","status":"publish","type":"product","link":"https:\/\/ramrolf.lv\/ru\/product\/lvsano-carpet-shampoo-700ml-paklaju-tiritajs\/","title":{"rendered":"SANO Carpet Shampoo 700ml pakl\u0101ju t\u012br\u012bt\u0101js"},"content":{"rendered":"","protected":false},"excerpt":{"rendered":"<p>M\u0113be\u013cu un pakl\u0101ju kop\u0161anas l\u012bdzek\u013ci<\/p>\n","protected":false},"featured_media":45638,"template":"","meta":[],"product_cat":[503],"product_tag":[],"_links":{"self":[{"href":"https:\/\/ramrolf.lv\/ru\/wp-json\/wp\/v2\/product\/45637"}],"collection":[{"href":"https:\/\/ramrolf.lv\/ru\/wp-json\/wp\/v2\/product"}],"about":[{"href":"https:\/\/ramrolf.lv\/ru\/wp-json\/wp\/v2\/types\/product"}],"wp:featuredmedia":[{"embeddable":true,"href":"https:\/\/ramrolf.lv\/ru\/wp-json\/wp\/v2\/media\/45638"}],"wp:attachment":[{"href":"https:\/\/ramrolf.lv\/ru\/wp-json\/wp\/v2\/media?parent=45637"}],"wp:term":[{"taxonomy":"product_cat","embeddable":true,"href":"https:\/\/ramrolf.lv\/ru\/wp-json\/wp\/v2\/product_cat?post=45637"},{"taxonomy":"product_tag","embeddable":true,"href":"https:\/\/ramrolf.lv\/ru\/wp-json\/wp\/v2\/product_tag?post=45637"}],"curies":[{"name":"wp","href":"https:\/\/api.w.org\/{rel}","templated":true}]}}