{"id":45651,"date":"2018-11-28T13:58:22","date_gmt":"2018-11-28T10:58:22","guid":{"rendered":"http:\/\/www.ramrolf.eu\/product\/lvtualetes-papirs-classic-katrin-gigant-s2-200m-2-sl-balts\/"},"modified":"2018-11-28T13:58:22","modified_gmt":"2018-11-28T10:58:22","slug":"lvtualetes-papirs-classic-katrin-gigant-s2-200m-2-sl-balts","status":"publish","type":"product","link":"https:\/\/ramrolf.lv\/ru\/product\/lvtualetes-papirs-classic-katrin-gigant-s2-200m-2-sl-balts\/","title":{"rendered":"Tualetes pap\u012brs Classic KATRIN Gigant S2,  200m,  2 sl. balts"},"content":{"rendered":"","protected":false},"excerpt":{"rendered":"<p>Tualetes pap\u012brs tur\u0113t\u0101jiem<\/p>\n","protected":false},"featured_media":45652,"template":"","meta":[],"product_cat":[511],"product_tag":[],"_links":{"self":[{"href":"https:\/\/ramrolf.lv\/ru\/wp-json\/wp\/v2\/product\/45651"}],"collection":[{"href":"https:\/\/ramrolf.lv\/ru\/wp-json\/wp\/v2\/product"}],"about":[{"href":"https:\/\/ramrolf.lv\/ru\/wp-json\/wp\/v2\/types\/product"}],"wp:featuredmedia":[{"embeddable":true,"href":"https:\/\/ramrolf.lv\/ru\/wp-json\/wp\/v2\/media\/45652"}],"wp:attachment":[{"href":"https:\/\/ramrolf.lv\/ru\/wp-json\/wp\/v2\/media?parent=45651"}],"wp:term":[{"taxonomy":"product_cat","embeddable":true,"href":"https:\/\/ramrolf.lv\/ru\/wp-json\/wp\/v2\/product_cat?post=45651"},{"taxonomy":"product_tag","embeddable":true,"href":"https:\/\/ramrolf.lv\/ru\/wp-json\/wp\/v2\/product_tag?post=45651"}],"curies":[{"name":"wp","href":"https:\/\/api.w.org\/{rel}","templated":true}]}}