{"id":45675,"date":"2018-11-28T13:58:33","date_gmt":"2018-11-28T10:58:33","guid":{"rendered":"http:\/\/www.ramrolf.eu\/product\/lvyplon-spirts-stiklu-mazgasanas-lidzeklis-1l\/"},"modified":"2018-11-28T13:58:33","modified_gmt":"2018-11-28T10:58:33","slug":"lvyplon-spirts-stiklu-mazgasanas-lidzeklis-1l","status":"publish","type":"product","link":"https:\/\/ramrolf.lv\/ru\/product\/lvyplon-spirts-stiklu-mazgasanas-lidzeklis-1l\/","title":{"rendered":"YPLON (spirts) stiklu mazg\u0101\u0161anas l\u012bdzeklis,  1L"},"content":{"rendered":"","protected":false},"excerpt":{"rendered":"<p>Stiklu un spogu\u013cu t\u012br\u012b\u0161anas l\u012bdzek\u013ci<\/p>\n","protected":false},"featured_media":45676,"template":"","meta":[],"product_cat":[503],"product_tag":[],"_links":{"self":[{"href":"https:\/\/ramrolf.lv\/ru\/wp-json\/wp\/v2\/product\/45675"}],"collection":[{"href":"https:\/\/ramrolf.lv\/ru\/wp-json\/wp\/v2\/product"}],"about":[{"href":"https:\/\/ramrolf.lv\/ru\/wp-json\/wp\/v2\/types\/product"}],"wp:featuredmedia":[{"embeddable":true,"href":"https:\/\/ramrolf.lv\/ru\/wp-json\/wp\/v2\/media\/45676"}],"wp:attachment":[{"href":"https:\/\/ramrolf.lv\/ru\/wp-json\/wp\/v2\/media?parent=45675"}],"wp:term":[{"taxonomy":"product_cat","embeddable":true,"href":"https:\/\/ramrolf.lv\/ru\/wp-json\/wp\/v2\/product_cat?post=45675"},{"taxonomy":"product_tag","embeddable":true,"href":"https:\/\/ramrolf.lv\/ru\/wp-json\/wp\/v2\/product_tag?post=45675"}],"curies":[{"name":"wp","href":"https:\/\/api.w.org\/{rel}","templated":true}]}}