{"id":45677,"date":"2018-11-28T13:58:34","date_gmt":"2018-11-28T10:58:34","guid":{"rendered":"http:\/\/www.ramrolf.eu\/product\/lvsano-antikalk-kettle-kalkakmens-tirisanai-tejkannam-700ml\/"},"modified":"2018-11-28T13:58:34","modified_gmt":"2018-11-28T10:58:34","slug":"lvsano-antikalk-kettle-kalkakmens-tirisanai-tejkannam-700ml","status":"publish","type":"product","link":"https:\/\/ramrolf.lv\/ru\/product\/lvsano-antikalk-kettle-kalkakmens-tirisanai-tejkannam-700ml\/","title":{"rendered":"SANO Antikalk Kettle ka\u013c\u0137akme\u0146s t\u012br\u012b\u0161anai t\u0113jkann\u0101m 700ml"},"content":{"rendered":"","protected":false},"excerpt":{"rendered":"<p>Speci\u0101l\u0101 sadz\u012bves \u0137\u012bmija<\/p>\n","protected":false},"featured_media":45678,"template":"","meta":[],"product_cat":[503],"product_tag":[],"_links":{"self":[{"href":"https:\/\/ramrolf.lv\/ru\/wp-json\/wp\/v2\/product\/45677"}],"collection":[{"href":"https:\/\/ramrolf.lv\/ru\/wp-json\/wp\/v2\/product"}],"about":[{"href":"https:\/\/ramrolf.lv\/ru\/wp-json\/wp\/v2\/types\/product"}],"wp:featuredmedia":[{"embeddable":true,"href":"https:\/\/ramrolf.lv\/ru\/wp-json\/wp\/v2\/media\/45678"}],"wp:attachment":[{"href":"https:\/\/ramrolf.lv\/ru\/wp-json\/wp\/v2\/media?parent=45677"}],"wp:term":[{"taxonomy":"product_cat","embeddable":true,"href":"https:\/\/ramrolf.lv\/ru\/wp-json\/wp\/v2\/product_cat?post=45677"},{"taxonomy":"product_tag","embeddable":true,"href":"https:\/\/ramrolf.lv\/ru\/wp-json\/wp\/v2\/product_tag?post=45677"}],"curies":[{"name":"wp","href":"https:\/\/api.w.org\/{rel}","templated":true}]}}