{"id":45679,"date":"2018-11-28T13:58:34","date_gmt":"2018-11-28T10:58:34","guid":{"rendered":"http:\/\/www.ramrolf.eu\/product\/lvskidro-ziepju-turetajs-tork-elevation-s1-melns\/"},"modified":"2018-11-28T13:58:34","modified_gmt":"2018-11-28T10:58:34","slug":"lvskidro-ziepju-turetajs-tork-elevation-s1-melns","status":"publish","type":"product","link":"https:\/\/ramrolf.lv\/ru\/product\/lvskidro-ziepju-turetajs-tork-elevation-s1-melns\/","title":{"rendered":"\u0160\u0137idro ziepju tur\u0113t\u0101js TORK Elevation S1,  melns"},"content":{"rendered":"","protected":false},"excerpt":{"rendered":"<p>Ziepju tur\u0113t\u0101ji<\/p>\n","protected":false},"featured_media":45680,"template":"","meta":[],"product_cat":[507],"product_tag":[],"_links":{"self":[{"href":"https:\/\/ramrolf.lv\/ru\/wp-json\/wp\/v2\/product\/45679"}],"collection":[{"href":"https:\/\/ramrolf.lv\/ru\/wp-json\/wp\/v2\/product"}],"about":[{"href":"https:\/\/ramrolf.lv\/ru\/wp-json\/wp\/v2\/types\/product"}],"wp:featuredmedia":[{"embeddable":true,"href":"https:\/\/ramrolf.lv\/ru\/wp-json\/wp\/v2\/media\/45680"}],"wp:attachment":[{"href":"https:\/\/ramrolf.lv\/ru\/wp-json\/wp\/v2\/media?parent=45679"}],"wp:term":[{"taxonomy":"product_cat","embeddable":true,"href":"https:\/\/ramrolf.lv\/ru\/wp-json\/wp\/v2\/product_cat?post=45679"},{"taxonomy":"product_tag","embeddable":true,"href":"https:\/\/ramrolf.lv\/ru\/wp-json\/wp\/v2\/product_tag?post=45679"}],"curies":[{"name":"wp","href":"https:\/\/api.w.org\/{rel}","templated":true}]}}