{"id":45683,"date":"2018-11-28T13:58:36","date_gmt":"2018-11-28T10:58:36","guid":{"rendered":"http:\/\/www.ramrolf.eu\/product\/lvspainis-3m-scotch-brite-15-l-zals\/"},"modified":"2018-11-28T13:58:36","modified_gmt":"2018-11-28T10:58:36","slug":"lvspainis-3m-scotch-brite-15-l-zals","status":"publish","type":"product","link":"https:\/\/ramrolf.lv\/ru\/product\/lvspainis-3m-scotch-brite-15-l-zals\/","title":{"rendered":"Spainis 3M Scotch Brite 15 l., za\u013c\u0161"},"content":{"rendered":"","protected":false},"excerpt":{"rendered":"<p>Spai\u0146i, uzkop\u0161anas rati\u0146i<\/p>\n","protected":false},"featured_media":45684,"template":"","meta":[],"product_cat":[506],"product_tag":[],"_links":{"self":[{"href":"https:\/\/ramrolf.lv\/ru\/wp-json\/wp\/v2\/product\/45683"}],"collection":[{"href":"https:\/\/ramrolf.lv\/ru\/wp-json\/wp\/v2\/product"}],"about":[{"href":"https:\/\/ramrolf.lv\/ru\/wp-json\/wp\/v2\/types\/product"}],"wp:featuredmedia":[{"embeddable":true,"href":"https:\/\/ramrolf.lv\/ru\/wp-json\/wp\/v2\/media\/45684"}],"wp:attachment":[{"href":"https:\/\/ramrolf.lv\/ru\/wp-json\/wp\/v2\/media?parent=45683"}],"wp:term":[{"taxonomy":"product_cat","embeddable":true,"href":"https:\/\/ramrolf.lv\/ru\/wp-json\/wp\/v2\/product_cat?post=45683"},{"taxonomy":"product_tag","embeddable":true,"href":"https:\/\/ramrolf.lv\/ru\/wp-json\/wp\/v2\/product_tag?post=45683"}],"curies":[{"name":"wp","href":"https:\/\/api.w.org\/{rel}","templated":true}]}}