{"id":45697,"date":"2018-11-28T13:58:42","date_gmt":"2018-11-28T10:58:42","guid":{"rendered":"http:\/\/www.ramrolf.eu\/product\/lvdvieli-salvetes-basic-non-stop-2-slani-katrin\/"},"modified":"2018-11-28T13:58:42","modified_gmt":"2018-11-28T10:58:42","slug":"lvdvieli-salvetes-basic-non-stop-2-slani-katrin","status":"publish","type":"product","link":"https:\/\/ramrolf.lv\/ru\/product\/lvdvieli-salvetes-basic-non-stop-2-slani-katrin\/","title":{"rendered":"Dvie\u013ci-salvetes Basic Non Stop,  2 sl\u0101\u0146i,  KATRIN"},"content":{"rendered":"","protected":false},"excerpt":{"rendered":"<p>Dvie\u013ci loksn\u0113s tur\u0113t\u0101jiem<\/p>\n","protected":false},"featured_media":45698,"template":"","meta":[],"product_cat":[510],"product_tag":[],"_links":{"self":[{"href":"https:\/\/ramrolf.lv\/ru\/wp-json\/wp\/v2\/product\/45697"}],"collection":[{"href":"https:\/\/ramrolf.lv\/ru\/wp-json\/wp\/v2\/product"}],"about":[{"href":"https:\/\/ramrolf.lv\/ru\/wp-json\/wp\/v2\/types\/product"}],"wp:featuredmedia":[{"embeddable":true,"href":"https:\/\/ramrolf.lv\/ru\/wp-json\/wp\/v2\/media\/45698"}],"wp:attachment":[{"href":"https:\/\/ramrolf.lv\/ru\/wp-json\/wp\/v2\/media?parent=45697"}],"wp:term":[{"taxonomy":"product_cat","embeddable":true,"href":"https:\/\/ramrolf.lv\/ru\/wp-json\/wp\/v2\/product_cat?post=45697"},{"taxonomy":"product_tag","embeddable":true,"href":"https:\/\/ramrolf.lv\/ru\/wp-json\/wp\/v2\/product_tag?post=45697"}],"curies":[{"name":"wp","href":"https:\/\/api.w.org\/{rel}","templated":true}]}}