{"id":45709,"date":"2018-11-28T13:58:46","date_gmt":"2018-11-28T10:58:46","guid":{"rendered":"http:\/\/www.ramrolf.eu\/product\/lvsampuns-katrin-1000ml\/"},"modified":"2018-11-28T13:58:46","modified_gmt":"2018-11-28T10:58:46","slug":"lvsampuns-katrin-1000ml","status":"publish","type":"product","link":"https:\/\/ramrolf.lv\/ru\/product\/lvsampuns-katrin-1000ml\/","title":{"rendered":"\u0160amp\u016bns KATRIN 1000ml"},"content":{"rendered":"","protected":false},"excerpt":{"rendered":"<p>Ziepes tur\u0113t\u0101jiem<\/p>\n","protected":false},"featured_media":45710,"template":"","meta":[],"product_cat":[508],"product_tag":[],"_links":{"self":[{"href":"https:\/\/ramrolf.lv\/ru\/wp-json\/wp\/v2\/product\/45709"}],"collection":[{"href":"https:\/\/ramrolf.lv\/ru\/wp-json\/wp\/v2\/product"}],"about":[{"href":"https:\/\/ramrolf.lv\/ru\/wp-json\/wp\/v2\/types\/product"}],"wp:featuredmedia":[{"embeddable":true,"href":"https:\/\/ramrolf.lv\/ru\/wp-json\/wp\/v2\/media\/45710"}],"wp:attachment":[{"href":"https:\/\/ramrolf.lv\/ru\/wp-json\/wp\/v2\/media?parent=45709"}],"wp:term":[{"taxonomy":"product_cat","embeddable":true,"href":"https:\/\/ramrolf.lv\/ru\/wp-json\/wp\/v2\/product_cat?post=45709"},{"taxonomy":"product_tag","embeddable":true,"href":"https:\/\/ramrolf.lv\/ru\/wp-json\/wp\/v2\/product_tag?post=45709"}],"curies":[{"name":"wp","href":"https:\/\/api.w.org\/{rel}","templated":true}]}}