{"id":45713,"date":"2018-11-28T13:58:48","date_gmt":"2018-11-28T10:58:48","guid":{"rendered":"http:\/\/www.ramrolf.eu\/product\/lvdvielis-katrin-classic-system-towel-m2-2-slanu-160m-balts\/"},"modified":"2018-11-28T13:58:48","modified_gmt":"2018-11-28T10:58:48","slug":"lvdvielis-katrin-classic-system-towel-m2-2-slanu-160m-balts","status":"publish","type":"product","link":"https:\/\/ramrolf.lv\/ru\/product\/lvdvielis-katrin-classic-system-towel-m2-2-slanu-160m-balts\/","title":{"rendered":"Dvielis Katrin Classic System Towel M2, 2-sl\u0101\u0146u, 160m balts"},"content":{"rendered":"","protected":false},"excerpt":{"rendered":"<p>Dvie\u013ci ru\u013c\u013cos tur\u0113t\u0101jiem<\/p>\n","protected":false},"featured_media":45714,"template":"","meta":[],"product_cat":[510],"product_tag":[],"_links":{"self":[{"href":"https:\/\/ramrolf.lv\/ru\/wp-json\/wp\/v2\/product\/45713"}],"collection":[{"href":"https:\/\/ramrolf.lv\/ru\/wp-json\/wp\/v2\/product"}],"about":[{"href":"https:\/\/ramrolf.lv\/ru\/wp-json\/wp\/v2\/types\/product"}],"wp:featuredmedia":[{"embeddable":true,"href":"https:\/\/ramrolf.lv\/ru\/wp-json\/wp\/v2\/media\/45714"}],"wp:attachment":[{"href":"https:\/\/ramrolf.lv\/ru\/wp-json\/wp\/v2\/media?parent=45713"}],"wp:term":[{"taxonomy":"product_cat","embeddable":true,"href":"https:\/\/ramrolf.lv\/ru\/wp-json\/wp\/v2\/product_cat?post=45713"},{"taxonomy":"product_tag","embeddable":true,"href":"https:\/\/ramrolf.lv\/ru\/wp-json\/wp\/v2\/product_tag?post=45713"}],"curies":[{"name":"wp","href":"https:\/\/api.w.org\/{rel}","templated":true}]}}