{"id":45759,"date":"2018-11-28T13:59:05","date_gmt":"2018-11-28T10:59:05","guid":{"rendered":"http:\/\/www.ramrolf.eu\/product\/lvmops-kokvilna-60cm-ar-kabatam\/"},"modified":"2018-11-28T13:59:05","modified_gmt":"2018-11-28T10:59:05","slug":"lvmops-kokvilna-60cm-ar-kabatam","status":"publish","type":"product","link":"https:\/\/ramrolf.lv\/ru\/product\/lvmops-kokvilna-60cm-ar-kabatam\/","title":{"rendered":"Mops kokvilna 60cm ar kabat\u0101m"},"content":{"rendered":"","protected":false},"excerpt":{"rendered":"<p>Slotas, mopi, birstes, liek\u0161\u0137eres<\/p>\n","protected":false},"featured_media":45760,"template":"","meta":[],"product_cat":[506],"product_tag":[],"_links":{"self":[{"href":"https:\/\/ramrolf.lv\/ru\/wp-json\/wp\/v2\/product\/45759"}],"collection":[{"href":"https:\/\/ramrolf.lv\/ru\/wp-json\/wp\/v2\/product"}],"about":[{"href":"https:\/\/ramrolf.lv\/ru\/wp-json\/wp\/v2\/types\/product"}],"wp:featuredmedia":[{"embeddable":true,"href":"https:\/\/ramrolf.lv\/ru\/wp-json\/wp\/v2\/media\/45760"}],"wp:attachment":[{"href":"https:\/\/ramrolf.lv\/ru\/wp-json\/wp\/v2\/media?parent=45759"}],"wp:term":[{"taxonomy":"product_cat","embeddable":true,"href":"https:\/\/ramrolf.lv\/ru\/wp-json\/wp\/v2\/product_cat?post=45759"},{"taxonomy":"product_tag","embeddable":true,"href":"https:\/\/ramrolf.lv\/ru\/wp-json\/wp\/v2\/product_tag?post=45759"}],"curies":[{"name":"wp","href":"https:\/\/api.w.org\/{rel}","templated":true}]}}