{"id":45775,"date":"2018-11-28T13:59:12","date_gmt":"2018-11-28T10:59:12","guid":{"rendered":"http:\/\/www.ramrolf.eu\/product\/lvskidras-ziepes-tork-premium-mini-mild-s2-475ml-dzeltenas\/"},"modified":"2018-11-28T13:59:12","modified_gmt":"2018-11-28T10:59:12","slug":"lvskidras-ziepes-tork-premium-mini-mild-s2-475ml-dzeltenas","status":"publish","type":"product","link":"https:\/\/ramrolf.lv\/ru\/product\/lvskidras-ziepes-tork-premium-mini-mild-s2-475ml-dzeltenas\/","title":{"rendered":"\u0160\u0137idr\u0101s ziepes TORK Premium Mini Mild S2 475ml,  dzeltenas"},"content":{"rendered":"","protected":false},"excerpt":{"rendered":"<p>Ziepes tur\u0113t\u0101jiem<\/p>\n","protected":false},"featured_media":45776,"template":"","meta":[],"product_cat":[508],"product_tag":[],"_links":{"self":[{"href":"https:\/\/ramrolf.lv\/ru\/wp-json\/wp\/v2\/product\/45775"}],"collection":[{"href":"https:\/\/ramrolf.lv\/ru\/wp-json\/wp\/v2\/product"}],"about":[{"href":"https:\/\/ramrolf.lv\/ru\/wp-json\/wp\/v2\/types\/product"}],"wp:featuredmedia":[{"embeddable":true,"href":"https:\/\/ramrolf.lv\/ru\/wp-json\/wp\/v2\/media\/45776"}],"wp:attachment":[{"href":"https:\/\/ramrolf.lv\/ru\/wp-json\/wp\/v2\/media?parent=45775"}],"wp:term":[{"taxonomy":"product_cat","embeddable":true,"href":"https:\/\/ramrolf.lv\/ru\/wp-json\/wp\/v2\/product_cat?post=45775"},{"taxonomy":"product_tag","embeddable":true,"href":"https:\/\/ramrolf.lv\/ru\/wp-json\/wp\/v2\/product_tag?post=45775"}],"curies":[{"name":"wp","href":"https:\/\/api.w.org\/{rel}","templated":true}]}}