{"id":45811,"date":"2018-11-28T13:59:26","date_gmt":"2018-11-28T10:59:26","guid":{"rendered":"http:\/\/www.ramrolf.eu\/product\/lvpleve-palesu-45-300-23my-caurspid-2-5kg\/"},"modified":"2018-11-28T13:59:26","modified_gmt":"2018-11-28T10:59:26","slug":"lvpleve-palesu-45-300-23my-caurspid-2-5kg","status":"publish","type":"product","link":"https:\/\/ramrolf.lv\/ru\/product\/lvpleve-palesu-45-300-23my-caurspid-2-5kg\/","title":{"rendered":"Pl\u0113ve pale\u0161u 45\/300-23my caursp\u012bd. 2.5kg"},"content":{"rendered":"","protected":false},"excerpt":{"rendered":"<p>Produktu un pale\u0161u pl\u0113ve<\/p>\n","protected":false},"featured_media":45812,"template":"","meta":[],"product_cat":[504],"product_tag":[],"_links":{"self":[{"href":"https:\/\/ramrolf.lv\/ru\/wp-json\/wp\/v2\/product\/45811"}],"collection":[{"href":"https:\/\/ramrolf.lv\/ru\/wp-json\/wp\/v2\/product"}],"about":[{"href":"https:\/\/ramrolf.lv\/ru\/wp-json\/wp\/v2\/types\/product"}],"wp:featuredmedia":[{"embeddable":true,"href":"https:\/\/ramrolf.lv\/ru\/wp-json\/wp\/v2\/media\/45812"}],"wp:attachment":[{"href":"https:\/\/ramrolf.lv\/ru\/wp-json\/wp\/v2\/media?parent=45811"}],"wp:term":[{"taxonomy":"product_cat","embeddable":true,"href":"https:\/\/ramrolf.lv\/ru\/wp-json\/wp\/v2\/product_cat?post=45811"},{"taxonomy":"product_tag","embeddable":true,"href":"https:\/\/ramrolf.lv\/ru\/wp-json\/wp\/v2\/product_tag?post=45811"}],"curies":[{"name":"wp","href":"https:\/\/api.w.org\/{rel}","templated":true}]}}