{"id":45815,"date":"2018-11-28T13:59:28","date_gmt":"2018-11-28T10:59:28","guid":{"rendered":"http:\/\/www.ramrolf.eu\/product\/lvmopa-turetajs-40cm-metala\/"},"modified":"2018-11-28T13:59:28","modified_gmt":"2018-11-28T10:59:28","slug":"lvmopa-turetajs-40cm-metala","status":"publish","type":"product","link":"https:\/\/ramrolf.lv\/ru\/product\/lvmopa-turetajs-40cm-metala\/","title":{"rendered":"Mopa tur\u0113t\u0101js 40cm met\u0101la"},"content":{"rendered":"","protected":false},"excerpt":{"rendered":"<p>Slotas, mopi, birstes, liek\u0161\u0137eres<\/p>\n","protected":false},"featured_media":45816,"template":"","meta":[],"product_cat":[506],"product_tag":[],"_links":{"self":[{"href":"https:\/\/ramrolf.lv\/ru\/wp-json\/wp\/v2\/product\/45815"}],"collection":[{"href":"https:\/\/ramrolf.lv\/ru\/wp-json\/wp\/v2\/product"}],"about":[{"href":"https:\/\/ramrolf.lv\/ru\/wp-json\/wp\/v2\/types\/product"}],"wp:featuredmedia":[{"embeddable":true,"href":"https:\/\/ramrolf.lv\/ru\/wp-json\/wp\/v2\/media\/45816"}],"wp:attachment":[{"href":"https:\/\/ramrolf.lv\/ru\/wp-json\/wp\/v2\/media?parent=45815"}],"wp:term":[{"taxonomy":"product_cat","embeddable":true,"href":"https:\/\/ramrolf.lv\/ru\/wp-json\/wp\/v2\/product_cat?post=45815"},{"taxonomy":"product_tag","embeddable":true,"href":"https:\/\/ramrolf.lv\/ru\/wp-json\/wp\/v2\/product_tag?post=45815"}],"curies":[{"name":"wp","href":"https:\/\/api.w.org\/{rel}","templated":true}]}}