{"id":45817,"date":"2018-11-28T13:59:29","date_gmt":"2018-11-28T10:59:29","guid":{"rendered":"http:\/\/www.ramrolf.eu\/product\/lvsano-floor-fresh-4-in-1-1l-gridas-mazgasanas-lidzeklis\/"},"modified":"2018-11-28T13:59:29","modified_gmt":"2018-11-28T10:59:29","slug":"lvsano-floor-fresh-4-in-1-1l-gridas-mazgasanas-lidzeklis","status":"publish","type":"product","link":"https:\/\/ramrolf.lv\/ru\/product\/lvsano-floor-fresh-4-in-1-1l-gridas-mazgasanas-lidzeklis\/","title":{"rendered":"SANO Floor Fresh 4 in 1,  1L gr\u012bdas mazg\u0101\u0161anas l\u012bdzeklis"},"content":{"rendered":"","protected":false},"excerpt":{"rendered":"<p>Gr\u012bdu kop\u0161anas l\u012bdzek\u013ci<\/p>\n","protected":false},"featured_media":45818,"template":"","meta":[],"product_cat":[503],"product_tag":[],"_links":{"self":[{"href":"https:\/\/ramrolf.lv\/ru\/wp-json\/wp\/v2\/product\/45817"}],"collection":[{"href":"https:\/\/ramrolf.lv\/ru\/wp-json\/wp\/v2\/product"}],"about":[{"href":"https:\/\/ramrolf.lv\/ru\/wp-json\/wp\/v2\/types\/product"}],"wp:featuredmedia":[{"embeddable":true,"href":"https:\/\/ramrolf.lv\/ru\/wp-json\/wp\/v2\/media\/45818"}],"wp:attachment":[{"href":"https:\/\/ramrolf.lv\/ru\/wp-json\/wp\/v2\/media?parent=45817"}],"wp:term":[{"taxonomy":"product_cat","embeddable":true,"href":"https:\/\/ramrolf.lv\/ru\/wp-json\/wp\/v2\/product_cat?post=45817"},{"taxonomy":"product_tag","embeddable":true,"href":"https:\/\/ramrolf.lv\/ru\/wp-json\/wp\/v2\/product_tag?post=45817"}],"curies":[{"name":"wp","href":"https:\/\/api.w.org\/{rel}","templated":true}]}}