{"id":45823,"date":"2018-11-28T13:59:33","date_gmt":"2018-11-28T10:59:33","guid":{"rendered":"http:\/\/www.ramrolf.eu\/product\/lvmopa-turetajs-60cm-metala\/"},"modified":"2018-11-28T13:59:33","modified_gmt":"2018-11-28T10:59:33","slug":"lvmopa-turetajs-60cm-metala","status":"publish","type":"product","link":"https:\/\/ramrolf.lv\/ru\/product\/lvmopa-turetajs-60cm-metala\/","title":{"rendered":"Mopa tur\u0113t\u0101js 60cm met\u0101la"},"content":{"rendered":"","protected":false},"excerpt":{"rendered":"<p>Slotas, mopi, birstes, liek\u0161\u0137eres<\/p>\n","protected":false},"featured_media":45824,"template":"","meta":[],"product_cat":[506],"product_tag":[],"_links":{"self":[{"href":"https:\/\/ramrolf.lv\/ru\/wp-json\/wp\/v2\/product\/45823"}],"collection":[{"href":"https:\/\/ramrolf.lv\/ru\/wp-json\/wp\/v2\/product"}],"about":[{"href":"https:\/\/ramrolf.lv\/ru\/wp-json\/wp\/v2\/types\/product"}],"wp:featuredmedia":[{"embeddable":true,"href":"https:\/\/ramrolf.lv\/ru\/wp-json\/wp\/v2\/media\/45824"}],"wp:attachment":[{"href":"https:\/\/ramrolf.lv\/ru\/wp-json\/wp\/v2\/media?parent=45823"}],"wp:term":[{"taxonomy":"product_cat","embeddable":true,"href":"https:\/\/ramrolf.lv\/ru\/wp-json\/wp\/v2\/product_cat?post=45823"},{"taxonomy":"product_tag","embeddable":true,"href":"https:\/\/ramrolf.lv\/ru\/wp-json\/wp\/v2\/product_tag?post=45823"}],"curies":[{"name":"wp","href":"https:\/\/api.w.org\/{rel}","templated":true}]}}