{"id":45825,"date":"2018-11-28T13:59:34","date_gmt":"2018-11-28T10:59:34","guid":{"rendered":"http:\/\/www.ramrolf.eu\/product\/lvmaisi-atkritumu-60l-50gab-5mic-hdpe-caurspidigi\/"},"modified":"2018-11-28T13:59:34","modified_gmt":"2018-11-28T10:59:34","slug":"lvmaisi-atkritumu-60l-50gab-5mic-hdpe-caurspidigi","status":"publish","type":"product","link":"https:\/\/ramrolf.lv\/ru\/product\/lvmaisi-atkritumu-60l-50gab-5mic-hdpe-caurspidigi\/","title":{"rendered":"Maisi atkritumu 60L\/50gab. 5mic,  HDPE,  caursp\u012bd\u012bgi"},"content":{"rendered":"","protected":false},"excerpt":{"rendered":"<p>Atkritumu maisi\u0146i<\/p>\n","protected":false},"featured_media":45826,"template":"","meta":[],"product_cat":[504],"product_tag":[],"_links":{"self":[{"href":"https:\/\/ramrolf.lv\/ru\/wp-json\/wp\/v2\/product\/45825"}],"collection":[{"href":"https:\/\/ramrolf.lv\/ru\/wp-json\/wp\/v2\/product"}],"about":[{"href":"https:\/\/ramrolf.lv\/ru\/wp-json\/wp\/v2\/types\/product"}],"wp:featuredmedia":[{"embeddable":true,"href":"https:\/\/ramrolf.lv\/ru\/wp-json\/wp\/v2\/media\/45826"}],"wp:attachment":[{"href":"https:\/\/ramrolf.lv\/ru\/wp-json\/wp\/v2\/media?parent=45825"}],"wp:term":[{"taxonomy":"product_cat","embeddable":true,"href":"https:\/\/ramrolf.lv\/ru\/wp-json\/wp\/v2\/product_cat?post=45825"},{"taxonomy":"product_tag","embeddable":true,"href":"https:\/\/ramrolf.lv\/ru\/wp-json\/wp\/v2\/product_tag?post=45825"}],"curies":[{"name":"wp","href":"https:\/\/api.w.org\/{rel}","templated":true}]}}