{"id":45843,"date":"2018-11-28T13:59:41","date_gmt":"2018-11-28T10:59:41","guid":{"rendered":"http:\/\/www.ramrolf.eu\/product\/lvfairy-sensitive-tea-tree-mint-900ml-trauku-mazg-lidzeklis\/"},"modified":"2018-11-28T13:59:41","modified_gmt":"2018-11-28T10:59:41","slug":"lvfairy-sensitive-tea-tree-mint-900ml-trauku-mazg-lidzeklis","status":"publish","type":"product","link":"https:\/\/ramrolf.lv\/ru\/product\/lvfairy-sensitive-tea-tree-mint-900ml-trauku-mazg-lidzeklis\/","title":{"rendered":"FAIRY Sensitive Tea tree &#038; Mint 900ml trauku mazg. l\u012bdzeklis"},"content":{"rendered":"","protected":false},"excerpt":{"rendered":"<p>Trauku mazg\u0101\u0161anas l\u012bdzek\u013ci<\/p>\n","protected":false},"featured_media":45844,"template":"","meta":[],"product_cat":[503],"product_tag":[],"_links":{"self":[{"href":"https:\/\/ramrolf.lv\/ru\/wp-json\/wp\/v2\/product\/45843"}],"collection":[{"href":"https:\/\/ramrolf.lv\/ru\/wp-json\/wp\/v2\/product"}],"about":[{"href":"https:\/\/ramrolf.lv\/ru\/wp-json\/wp\/v2\/types\/product"}],"wp:featuredmedia":[{"embeddable":true,"href":"https:\/\/ramrolf.lv\/ru\/wp-json\/wp\/v2\/media\/45844"}],"wp:attachment":[{"href":"https:\/\/ramrolf.lv\/ru\/wp-json\/wp\/v2\/media?parent=45843"}],"wp:term":[{"taxonomy":"product_cat","embeddable":true,"href":"https:\/\/ramrolf.lv\/ru\/wp-json\/wp\/v2\/product_cat?post=45843"},{"taxonomy":"product_tag","embeddable":true,"href":"https:\/\/ramrolf.lv\/ru\/wp-json\/wp\/v2\/product_tag?post=45843"}],"curies":[{"name":"wp","href":"https:\/\/api.w.org\/{rel}","templated":true}]}}