{"id":45859,"date":"2018-11-28T13:59:46","date_gmt":"2018-11-28T10:59:46","guid":{"rendered":"http:\/\/www.ramrolf.eu\/product\/lvastonish-mouldmildew-remover-lidz-pelejuma-traipu-nonems\/"},"modified":"2018-11-28T13:59:46","modified_gmt":"2018-11-28T10:59:46","slug":"lvastonish-mouldmildew-remover-lidz-pelejuma-traipu-nonems","status":"publish","type":"product","link":"https:\/\/ramrolf.lv\/ru\/product\/lvastonish-mouldmildew-remover-lidz-pelejuma-traipu-nonems\/","title":{"rendered":"ASTONISH Mould&#038;Mildew Remover l\u012bdz. pel\u0113juma traipu no\u0146em\u0161."},"content":{"rendered":"","protected":false},"excerpt":{"rendered":"<p>Speci\u0101l\u0101 sadz\u012bves \u0137\u012bmija<\/p>\n","protected":false},"featured_media":45860,"template":"","meta":[],"product_cat":[503],"product_tag":[],"_links":{"self":[{"href":"https:\/\/ramrolf.lv\/ru\/wp-json\/wp\/v2\/product\/45859"}],"collection":[{"href":"https:\/\/ramrolf.lv\/ru\/wp-json\/wp\/v2\/product"}],"about":[{"href":"https:\/\/ramrolf.lv\/ru\/wp-json\/wp\/v2\/types\/product"}],"wp:featuredmedia":[{"embeddable":true,"href":"https:\/\/ramrolf.lv\/ru\/wp-json\/wp\/v2\/media\/45860"}],"wp:attachment":[{"href":"https:\/\/ramrolf.lv\/ru\/wp-json\/wp\/v2\/media?parent=45859"}],"wp:term":[{"taxonomy":"product_cat","embeddable":true,"href":"https:\/\/ramrolf.lv\/ru\/wp-json\/wp\/v2\/product_cat?post=45859"},{"taxonomy":"product_tag","embeddable":true,"href":"https:\/\/ramrolf.lv\/ru\/wp-json\/wp\/v2\/product_tag?post=45859"}],"curies":[{"name":"wp","href":"https:\/\/api.w.org\/{rel}","templated":true}]}}