{"id":45889,"date":"2018-11-28T13:59:59","date_gmt":"2018-11-28T10:59:59","guid":{"rendered":"http:\/\/www.ramrolf.eu\/product\/lvdvieli-salvetes-tork-advanced-soft-h2-2-slani-180-salvetes\/"},"modified":"2018-11-28T13:59:59","modified_gmt":"2018-11-28T10:59:59","slug":"lvdvieli-salvetes-tork-advanced-soft-h2-2-slani-180-salvetes","status":"publish","type":"product","link":"https:\/\/ramrolf.lv\/ru\/product\/lvdvieli-salvetes-tork-advanced-soft-h2-2-slani-180-salvetes\/","title":{"rendered":"Dvie\u013ci-salvetes TORK Advanced Soft H2,  2 sl\u0101\u0146i,  180 salvetes"},"content":{"rendered":"","protected":false},"excerpt":{"rendered":"<p>Dvie\u013ci loksn\u0113s tur\u0113t\u0101jiem<\/p>\n","protected":false},"featured_media":45890,"template":"","meta":[],"product_cat":[510],"product_tag":[],"_links":{"self":[{"href":"https:\/\/ramrolf.lv\/ru\/wp-json\/wp\/v2\/product\/45889"}],"collection":[{"href":"https:\/\/ramrolf.lv\/ru\/wp-json\/wp\/v2\/product"}],"about":[{"href":"https:\/\/ramrolf.lv\/ru\/wp-json\/wp\/v2\/types\/product"}],"wp:featuredmedia":[{"embeddable":true,"href":"https:\/\/ramrolf.lv\/ru\/wp-json\/wp\/v2\/media\/45890"}],"wp:attachment":[{"href":"https:\/\/ramrolf.lv\/ru\/wp-json\/wp\/v2\/media?parent=45889"}],"wp:term":[{"taxonomy":"product_cat","embeddable":true,"href":"https:\/\/ramrolf.lv\/ru\/wp-json\/wp\/v2\/product_cat?post=45889"},{"taxonomy":"product_tag","embeddable":true,"href":"https:\/\/ramrolf.lv\/ru\/wp-json\/wp\/v2\/product_tag?post=45889"}],"curies":[{"name":"wp","href":"https:\/\/api.w.org\/{rel}","templated":true}]}}