{"id":45913,"date":"2018-11-28T14:00:16","date_gmt":"2018-11-28T11:00:16","guid":{"rendered":"http:\/\/www.ramrolf.eu\/product\/lvdvielis-tork-advanced-mini-420-m1-21-5cm-x-75m-2-slani\/"},"modified":"2018-11-28T14:00:16","modified_gmt":"2018-11-28T11:00:16","slug":"lvdvielis-tork-advanced-mini-420-m1-21-5cm-x-75m-2-slani","status":"publish","type":"product","link":"https:\/\/ramrolf.lv\/ru\/product\/lvdvielis-tork-advanced-mini-420-m1-21-5cm-x-75m-2-slani\/","title":{"rendered":"Dvielis TORK Advanced Mini,  420 M1,  21, 5cm x 75m,  2 sl\u0101\u0146i"},"content":{"rendered":"","protected":false},"excerpt":{"rendered":"<p>Dvie\u013ci ru\u013c\u013cos tur\u0113t\u0101jiem<\/p>\n","protected":false},"featured_media":45914,"template":"","meta":[],"product_cat":[510],"product_tag":[],"_links":{"self":[{"href":"https:\/\/ramrolf.lv\/ru\/wp-json\/wp\/v2\/product\/45913"}],"collection":[{"href":"https:\/\/ramrolf.lv\/ru\/wp-json\/wp\/v2\/product"}],"about":[{"href":"https:\/\/ramrolf.lv\/ru\/wp-json\/wp\/v2\/types\/product"}],"wp:featuredmedia":[{"embeddable":true,"href":"https:\/\/ramrolf.lv\/ru\/wp-json\/wp\/v2\/media\/45914"}],"wp:attachment":[{"href":"https:\/\/ramrolf.lv\/ru\/wp-json\/wp\/v2\/media?parent=45913"}],"wp:term":[{"taxonomy":"product_cat","embeddable":true,"href":"https:\/\/ramrolf.lv\/ru\/wp-json\/wp\/v2\/product_cat?post=45913"},{"taxonomy":"product_tag","embeddable":true,"href":"https:\/\/ramrolf.lv\/ru\/wp-json\/wp\/v2\/product_tag?post=45913"}],"curies":[{"name":"wp","href":"https:\/\/api.w.org\/{rel}","templated":true}]}}