{"id":45933,"date":"2018-11-28T14:00:24","date_gmt":"2018-11-28T11:00:24","guid":{"rendered":"http:\/\/www.ramrolf.eu\/product\/lvdvieli-salvetes-katrin-plus\/"},"modified":"2018-11-28T14:00:24","modified_gmt":"2018-11-28T11:00:24","slug":"lvdvieli-salvetes-katrin-plus","status":"publish","type":"product","link":"https:\/\/ramrolf.lv\/ru\/product\/lvdvieli-salvetes-katrin-plus\/","title":{"rendered":"Dvie\u013ci-salvetes Katrin Plus"},"content":{"rendered":"","protected":false},"excerpt":{"rendered":"<p>Dvie\u013ci loksn\u0113s tur\u0113t\u0101jiem<\/p>\n","protected":false},"featured_media":45934,"template":"","meta":[],"product_cat":[510],"product_tag":[],"_links":{"self":[{"href":"https:\/\/ramrolf.lv\/ru\/wp-json\/wp\/v2\/product\/45933"}],"collection":[{"href":"https:\/\/ramrolf.lv\/ru\/wp-json\/wp\/v2\/product"}],"about":[{"href":"https:\/\/ramrolf.lv\/ru\/wp-json\/wp\/v2\/types\/product"}],"wp:featuredmedia":[{"embeddable":true,"href":"https:\/\/ramrolf.lv\/ru\/wp-json\/wp\/v2\/media\/45934"}],"wp:attachment":[{"href":"https:\/\/ramrolf.lv\/ru\/wp-json\/wp\/v2\/media?parent=45933"}],"wp:term":[{"taxonomy":"product_cat","embeddable":true,"href":"https:\/\/ramrolf.lv\/ru\/wp-json\/wp\/v2\/product_cat?post=45933"},{"taxonomy":"product_tag","embeddable":true,"href":"https:\/\/ramrolf.lv\/ru\/wp-json\/wp\/v2\/product_tag?post=45933"}],"curies":[{"name":"wp","href":"https:\/\/api.w.org\/{rel}","templated":true}]}}