{"id":45939,"date":"2018-11-28T14:00:27","date_gmt":"2018-11-28T11:00:27","guid":{"rendered":"http:\/\/www.ramrolf.eu\/product\/lvdvielis-tork-universal-310-m2-300m-1-slanis-dzeltena-kras\/"},"modified":"2018-11-28T14:00:27","modified_gmt":"2018-11-28T11:00:27","slug":"lvdvielis-tork-universal-310-m2-300m-1-slanis-dzeltena-kras","status":"publish","type":"product","link":"https:\/\/ramrolf.lv\/ru\/product\/lvdvielis-tork-universal-310-m2-300m-1-slanis-dzeltena-kras\/","title":{"rendered":"Dvielis TORK Universal 310 M2,  300m,  1 sl\u0101nis,  dzelten\u0101 kr\u0101s"},"content":{"rendered":"","protected":false},"excerpt":{"rendered":"<p>Dvie\u013ci ru\u013c\u013cos tur\u0113t\u0101jiem<\/p>\n","protected":false},"featured_media":45940,"template":"","meta":[],"product_cat":[510],"product_tag":[],"_links":{"self":[{"href":"https:\/\/ramrolf.lv\/ru\/wp-json\/wp\/v2\/product\/45939"}],"collection":[{"href":"https:\/\/ramrolf.lv\/ru\/wp-json\/wp\/v2\/product"}],"about":[{"href":"https:\/\/ramrolf.lv\/ru\/wp-json\/wp\/v2\/types\/product"}],"wp:featuredmedia":[{"embeddable":true,"href":"https:\/\/ramrolf.lv\/ru\/wp-json\/wp\/v2\/media\/45940"}],"wp:attachment":[{"href":"https:\/\/ramrolf.lv\/ru\/wp-json\/wp\/v2\/media?parent=45939"}],"wp:term":[{"taxonomy":"product_cat","embeddable":true,"href":"https:\/\/ramrolf.lv\/ru\/wp-json\/wp\/v2\/product_cat?post=45939"},{"taxonomy":"product_tag","embeddable":true,"href":"https:\/\/ramrolf.lv\/ru\/wp-json\/wp\/v2\/product_tag?post=45939"}],"curies":[{"name":"wp","href":"https:\/\/api.w.org\/{rel}","templated":true}]}}