{"id":45941,"date":"2018-11-28T14:00:28","date_gmt":"2018-11-28T11:00:28","guid":{"rendered":"http:\/\/www.ramrolf.eu\/product\/lvtualetes-papirs-tork-premiumextrasoft-t4-6rul-3kart-10cmx35m\/"},"modified":"2018-11-28T14:00:28","modified_gmt":"2018-11-28T11:00:28","slug":"lvtualetes-papirs-tork-premiumextrasoft-t4-6rul-3kart-10cmx35m","status":"publish","type":"product","link":"https:\/\/ramrolf.lv\/ru\/product\/lvtualetes-papirs-tork-premiumextrasoft-t4-6rul-3kart-10cmx35m\/","title":{"rendered":"Tualetes pap\u012brs TORK PremiumExtraSoft T4, 6rul\/3k\u0101rt.10cmx35m"},"content":{"rendered":"","protected":false},"excerpt":{"rendered":"<p>Tualetes pap\u012brs tur\u0113t\u0101jiem<\/p>\n","protected":false},"featured_media":45942,"template":"","meta":[],"product_cat":[511],"product_tag":[],"_links":{"self":[{"href":"https:\/\/ramrolf.lv\/ru\/wp-json\/wp\/v2\/product\/45941"}],"collection":[{"href":"https:\/\/ramrolf.lv\/ru\/wp-json\/wp\/v2\/product"}],"about":[{"href":"https:\/\/ramrolf.lv\/ru\/wp-json\/wp\/v2\/types\/product"}],"wp:featuredmedia":[{"embeddable":true,"href":"https:\/\/ramrolf.lv\/ru\/wp-json\/wp\/v2\/media\/45942"}],"wp:attachment":[{"href":"https:\/\/ramrolf.lv\/ru\/wp-json\/wp\/v2\/media?parent=45941"}],"wp:term":[{"taxonomy":"product_cat","embeddable":true,"href":"https:\/\/ramrolf.lv\/ru\/wp-json\/wp\/v2\/product_cat?post=45941"},{"taxonomy":"product_tag","embeddable":true,"href":"https:\/\/ramrolf.lv\/ru\/wp-json\/wp\/v2\/product_tag?post=45941"}],"curies":[{"name":"wp","href":"https:\/\/api.w.org\/{rel}","templated":true}]}}