{"id":45953,"date":"2018-11-28T14:00:33","date_gmt":"2018-11-28T11:00:33","guid":{"rendered":"http:\/\/www.ramrolf.eu\/product\/lvdvieli-salvetes-tork-premium-extra-soft-h2-2slani-100salv\/"},"modified":"2018-11-28T14:00:33","modified_gmt":"2018-11-28T11:00:33","slug":"lvdvieli-salvetes-tork-premium-extra-soft-h2-2slani-100salv","status":"publish","type":"product","link":"https:\/\/ramrolf.lv\/ru\/product\/lvdvieli-salvetes-tork-premium-extra-soft-h2-2slani-100salv\/","title":{"rendered":"Dvie\u013ci-salvetes TORK Premium Extra Soft H2 2sl\u0101\u0146i\/100salv."},"content":{"rendered":"","protected":false},"excerpt":{"rendered":"<p>Dvie\u013ci loksn\u0113s tur\u0113t\u0101jiem<\/p>\n","protected":false},"featured_media":45954,"template":"","meta":[],"product_cat":[510],"product_tag":[],"_links":{"self":[{"href":"https:\/\/ramrolf.lv\/ru\/wp-json\/wp\/v2\/product\/45953"}],"collection":[{"href":"https:\/\/ramrolf.lv\/ru\/wp-json\/wp\/v2\/product"}],"about":[{"href":"https:\/\/ramrolf.lv\/ru\/wp-json\/wp\/v2\/types\/product"}],"wp:featuredmedia":[{"embeddable":true,"href":"https:\/\/ramrolf.lv\/ru\/wp-json\/wp\/v2\/media\/45954"}],"wp:attachment":[{"href":"https:\/\/ramrolf.lv\/ru\/wp-json\/wp\/v2\/media?parent=45953"}],"wp:term":[{"taxonomy":"product_cat","embeddable":true,"href":"https:\/\/ramrolf.lv\/ru\/wp-json\/wp\/v2\/product_cat?post=45953"},{"taxonomy":"product_tag","embeddable":true,"href":"https:\/\/ramrolf.lv\/ru\/wp-json\/wp\/v2\/product_tag?post=45953"}],"curies":[{"name":"wp","href":"https:\/\/api.w.org\/{rel}","templated":true}]}}