{"id":45959,"date":"2018-11-28T14:00:36","date_gmt":"2018-11-28T11:00:36","guid":{"rendered":"http:\/\/www.ramrolf.eu\/product\/lvlupata-mikroskiedras-logiem-39x39cm-zila\/"},"modified":"2018-11-28T14:00:36","modified_gmt":"2018-11-28T11:00:36","slug":"lvlupata-mikroskiedras-logiem-39x39cm-zila","status":"publish","type":"product","link":"https:\/\/ramrolf.lv\/ru\/product\/lvlupata-mikroskiedras-logiem-39x39cm-zila\/","title":{"rendered":"Lupata mikro\u0161\u0137iedras logiem,  39x39cm,  zila"},"content":{"rendered":"","protected":false},"excerpt":{"rendered":"<p>Lupatas, \u0161vammes<\/p>\n","protected":false},"featured_media":45960,"template":"","meta":[],"product_cat":[506],"product_tag":[],"_links":{"self":[{"href":"https:\/\/ramrolf.lv\/ru\/wp-json\/wp\/v2\/product\/45959"}],"collection":[{"href":"https:\/\/ramrolf.lv\/ru\/wp-json\/wp\/v2\/product"}],"about":[{"href":"https:\/\/ramrolf.lv\/ru\/wp-json\/wp\/v2\/types\/product"}],"wp:featuredmedia":[{"embeddable":true,"href":"https:\/\/ramrolf.lv\/ru\/wp-json\/wp\/v2\/media\/45960"}],"wp:attachment":[{"href":"https:\/\/ramrolf.lv\/ru\/wp-json\/wp\/v2\/media?parent=45959"}],"wp:term":[{"taxonomy":"product_cat","embeddable":true,"href":"https:\/\/ramrolf.lv\/ru\/wp-json\/wp\/v2\/product_cat?post=45959"},{"taxonomy":"product_tag","embeddable":true,"href":"https:\/\/ramrolf.lv\/ru\/wp-json\/wp\/v2\/product_tag?post=45959"}],"curies":[{"name":"wp","href":"https:\/\/api.w.org\/{rel}","templated":true}]}}