{"id":45961,"date":"2018-11-28T14:00:37","date_gmt":"2018-11-28T11:00:37","guid":{"rendered":"http:\/\/www.ramrolf.eu\/product\/lvturetajs-dvieliem-loksnes-tork-elevation-h2-mini-balts\/"},"modified":"2018-11-28T14:00:37","modified_gmt":"2018-11-28T11:00:37","slug":"lvturetajs-dvieliem-loksnes-tork-elevation-h2-mini-balts","status":"publish","type":"product","link":"https:\/\/ramrolf.lv\/ru\/product\/lvturetajs-dvieliem-loksnes-tork-elevation-h2-mini-balts\/","title":{"rendered":"Tur\u0113t\u0101js dvie\u013ciem loksn\u0113s TORK Elevation H2 Mini,  balts"},"content":{"rendered":"","protected":false},"excerpt":{"rendered":"<p>Pap\u012bra dvie\u013cu tur\u0113t\u0101ji<\/p>\n","protected":false},"featured_media":45962,"template":"","meta":[],"product_cat":[507],"product_tag":[],"_links":{"self":[{"href":"https:\/\/ramrolf.lv\/ru\/wp-json\/wp\/v2\/product\/45961"}],"collection":[{"href":"https:\/\/ramrolf.lv\/ru\/wp-json\/wp\/v2\/product"}],"about":[{"href":"https:\/\/ramrolf.lv\/ru\/wp-json\/wp\/v2\/types\/product"}],"wp:featuredmedia":[{"embeddable":true,"href":"https:\/\/ramrolf.lv\/ru\/wp-json\/wp\/v2\/media\/45962"}],"wp:attachment":[{"href":"https:\/\/ramrolf.lv\/ru\/wp-json\/wp\/v2\/media?parent=45961"}],"wp:term":[{"taxonomy":"product_cat","embeddable":true,"href":"https:\/\/ramrolf.lv\/ru\/wp-json\/wp\/v2\/product_cat?post=45961"},{"taxonomy":"product_tag","embeddable":true,"href":"https:\/\/ramrolf.lv\/ru\/wp-json\/wp\/v2\/product_tag?post=45961"}],"curies":[{"name":"wp","href":"https:\/\/api.w.org\/{rel}","templated":true}]}}