{"id":45969,"date":"2018-11-28T14:00:41","date_gmt":"2018-11-28T11:00:41","guid":{"rendered":"http:\/\/www.ramrolf.eu\/product\/lvtualetes-papirs-tork-advanced-t3-2-slani\/"},"modified":"2018-11-28T14:00:41","modified_gmt":"2018-11-28T11:00:41","slug":"lvtualetes-papirs-tork-advanced-t3-2-slani","status":"publish","type":"product","link":"https:\/\/ramrolf.lv\/ru\/product\/lvtualetes-papirs-tork-advanced-t3-2-slani\/","title":{"rendered":"Tualetes pap\u012brs TORK Advanced T3,  2 sl\u0101\u0146i"},"content":{"rendered":"","protected":false},"excerpt":{"rendered":"<p>Tualetes pap\u012brs tur\u0113t\u0101jiem<\/p>\n","protected":false},"featured_media":45970,"template":"","meta":[],"product_cat":[511],"product_tag":[],"_links":{"self":[{"href":"https:\/\/ramrolf.lv\/ru\/wp-json\/wp\/v2\/product\/45969"}],"collection":[{"href":"https:\/\/ramrolf.lv\/ru\/wp-json\/wp\/v2\/product"}],"about":[{"href":"https:\/\/ramrolf.lv\/ru\/wp-json\/wp\/v2\/types\/product"}],"wp:featuredmedia":[{"embeddable":true,"href":"https:\/\/ramrolf.lv\/ru\/wp-json\/wp\/v2\/media\/45970"}],"wp:attachment":[{"href":"https:\/\/ramrolf.lv\/ru\/wp-json\/wp\/v2\/media?parent=45969"}],"wp:term":[{"taxonomy":"product_cat","embeddable":true,"href":"https:\/\/ramrolf.lv\/ru\/wp-json\/wp\/v2\/product_cat?post=45969"},{"taxonomy":"product_tag","embeddable":true,"href":"https:\/\/ramrolf.lv\/ru\/wp-json\/wp\/v2\/product_tag?post=45969"}],"curies":[{"name":"wp","href":"https:\/\/api.w.org\/{rel}","templated":true}]}}