{"id":45973,"date":"2018-11-28T14:00:43","date_gmt":"2018-11-28T11:00:43","guid":{"rendered":"http:\/\/www.ramrolf.eu\/product\/lvcif-original-tirisanas-krems-500ml\/"},"modified":"2018-11-28T14:00:43","modified_gmt":"2018-11-28T11:00:43","slug":"lvcif-original-tirisanas-krems-500ml","status":"publish","type":"product","link":"https:\/\/ramrolf.lv\/ru\/product\/lvcif-original-tirisanas-krems-500ml\/","title":{"rendered":"CIF Original t\u012br\u012b\u0161anas kr\u0113ms,  500ml"},"content":{"rendered":"","protected":false},"excerpt":{"rendered":"<p>Univers\u0101lie t\u012br\u012b\u0161anas un mazg\u0101\u0161anas l\u012bdzek\u013ci<\/p>\n","protected":false},"featured_media":45974,"template":"","meta":[],"product_cat":[503],"product_tag":[],"_links":{"self":[{"href":"https:\/\/ramrolf.lv\/ru\/wp-json\/wp\/v2\/product\/45973"}],"collection":[{"href":"https:\/\/ramrolf.lv\/ru\/wp-json\/wp\/v2\/product"}],"about":[{"href":"https:\/\/ramrolf.lv\/ru\/wp-json\/wp\/v2\/types\/product"}],"wp:featuredmedia":[{"embeddable":true,"href":"https:\/\/ramrolf.lv\/ru\/wp-json\/wp\/v2\/media\/45974"}],"wp:attachment":[{"href":"https:\/\/ramrolf.lv\/ru\/wp-json\/wp\/v2\/media?parent=45973"}],"wp:term":[{"taxonomy":"product_cat","embeddable":true,"href":"https:\/\/ramrolf.lv\/ru\/wp-json\/wp\/v2\/product_cat?post=45973"},{"taxonomy":"product_tag","embeddable":true,"href":"https:\/\/ramrolf.lv\/ru\/wp-json\/wp\/v2\/product_tag?post=45973"}],"curies":[{"name":"wp","href":"https:\/\/api.w.org\/{rel}","templated":true}]}}