{"id":45983,"date":"2018-11-28T14:00:46","date_gmt":"2018-11-28T11:00:46","guid":{"rendered":"http:\/\/www.ramrolf.eu\/product\/lvdvielis-tork-reflex-basic-1-slanis-300m-dzeltena-krasa\/"},"modified":"2018-11-28T14:00:46","modified_gmt":"2018-11-28T11:00:46","slug":"lvdvielis-tork-reflex-basic-1-slanis-300m-dzeltena-krasa","status":"publish","type":"product","link":"https:\/\/ramrolf.lv\/ru\/product\/lvdvielis-tork-reflex-basic-1-slanis-300m-dzeltena-krasa\/","title":{"rendered":"Dvielis Tork Reflex Basic,  1 sl\u0101nis,  300m,  dzelten\u0101 kr\u0101s\u0101"},"content":{"rendered":"","protected":false},"excerpt":{"rendered":"<p>Dvie\u013ci ru\u013c\u013cos tur\u0113t\u0101jiem<\/p>\n","protected":false},"featured_media":45984,"template":"","meta":[],"product_cat":[510],"product_tag":[],"_links":{"self":[{"href":"https:\/\/ramrolf.lv\/ru\/wp-json\/wp\/v2\/product\/45983"}],"collection":[{"href":"https:\/\/ramrolf.lv\/ru\/wp-json\/wp\/v2\/product"}],"about":[{"href":"https:\/\/ramrolf.lv\/ru\/wp-json\/wp\/v2\/types\/product"}],"wp:featuredmedia":[{"embeddable":true,"href":"https:\/\/ramrolf.lv\/ru\/wp-json\/wp\/v2\/media\/45984"}],"wp:attachment":[{"href":"https:\/\/ramrolf.lv\/ru\/wp-json\/wp\/v2\/media?parent=45983"}],"wp:term":[{"taxonomy":"product_cat","embeddable":true,"href":"https:\/\/ramrolf.lv\/ru\/wp-json\/wp\/v2\/product_cat?post=45983"},{"taxonomy":"product_tag","embeddable":true,"href":"https:\/\/ramrolf.lv\/ru\/wp-json\/wp\/v2\/product_tag?post=45983"}],"curies":[{"name":"wp","href":"https:\/\/api.w.org\/{rel}","templated":true}]}}