{"id":45995,"date":"2018-11-28T14:00:52","date_gmt":"2018-11-28T11:00:52","guid":{"rendered":"http:\/\/www.ramrolf.eu\/product\/lvlupatinas-mitruma-uzsucosas-18x18-3gab-domus\/"},"modified":"2018-11-28T14:00:52","modified_gmt":"2018-11-28T11:00:52","slug":"lvlupatinas-mitruma-uzsucosas-18x18-3gab-domus","status":"publish","type":"product","link":"https:\/\/ramrolf.lv\/ru\/product\/lvlupatinas-mitruma-uzsucosas-18x18-3gab-domus\/","title":{"rendered":"Lupati\u0146as mitruma uzs\u016bco\u0161\u0101s 18&#215;18\/3gab. Domus"},"content":{"rendered":"","protected":false},"excerpt":{"rendered":"<p>Lupatas, \u0161vammes<\/p>\n","protected":false},"featured_media":45996,"template":"","meta":[],"product_cat":[506],"product_tag":[],"_links":{"self":[{"href":"https:\/\/ramrolf.lv\/ru\/wp-json\/wp\/v2\/product\/45995"}],"collection":[{"href":"https:\/\/ramrolf.lv\/ru\/wp-json\/wp\/v2\/product"}],"about":[{"href":"https:\/\/ramrolf.lv\/ru\/wp-json\/wp\/v2\/types\/product"}],"wp:featuredmedia":[{"embeddable":true,"href":"https:\/\/ramrolf.lv\/ru\/wp-json\/wp\/v2\/media\/45996"}],"wp:attachment":[{"href":"https:\/\/ramrolf.lv\/ru\/wp-json\/wp\/v2\/media?parent=45995"}],"wp:term":[{"taxonomy":"product_cat","embeddable":true,"href":"https:\/\/ramrolf.lv\/ru\/wp-json\/wp\/v2\/product_cat?post=45995"},{"taxonomy":"product_tag","embeddable":true,"href":"https:\/\/ramrolf.lv\/ru\/wp-json\/wp\/v2\/product_tag?post=45995"}],"curies":[{"name":"wp","href":"https:\/\/api.w.org\/{rel}","templated":true}]}}