{"id":46001,"date":"2018-11-28T14:00:56","date_gmt":"2018-11-28T11:00:56","guid":{"rendered":"http:\/\/www.ramrolf.eu\/product\/lvturetajs-dvieliem-loksnes-tork-elevation-h2-mini-melns\/"},"modified":"2018-11-28T14:00:56","modified_gmt":"2018-11-28T11:00:56","slug":"lvturetajs-dvieliem-loksnes-tork-elevation-h2-mini-melns","status":"publish","type":"product","link":"https:\/\/ramrolf.lv\/ru\/product\/lvturetajs-dvieliem-loksnes-tork-elevation-h2-mini-melns\/","title":{"rendered":"Tur\u0113t\u0101js dvie\u013ciem-loksn\u0113s TORK Elevation H2 Mini,  melns"},"content":{"rendered":"","protected":false},"excerpt":{"rendered":"<p>Pap\u012bra dvie\u013cu tur\u0113t\u0101ji<\/p>\n","protected":false},"featured_media":46002,"template":"","meta":[],"product_cat":[507],"product_tag":[],"_links":{"self":[{"href":"https:\/\/ramrolf.lv\/ru\/wp-json\/wp\/v2\/product\/46001"}],"collection":[{"href":"https:\/\/ramrolf.lv\/ru\/wp-json\/wp\/v2\/product"}],"about":[{"href":"https:\/\/ramrolf.lv\/ru\/wp-json\/wp\/v2\/types\/product"}],"wp:featuredmedia":[{"embeddable":true,"href":"https:\/\/ramrolf.lv\/ru\/wp-json\/wp\/v2\/media\/46002"}],"wp:attachment":[{"href":"https:\/\/ramrolf.lv\/ru\/wp-json\/wp\/v2\/media?parent=46001"}],"wp:term":[{"taxonomy":"product_cat","embeddable":true,"href":"https:\/\/ramrolf.lv\/ru\/wp-json\/wp\/v2\/product_cat?post=46001"},{"taxonomy":"product_tag","embeddable":true,"href":"https:\/\/ramrolf.lv\/ru\/wp-json\/wp\/v2\/product_tag?post=46001"}],"curies":[{"name":"wp","href":"https:\/\/api.w.org\/{rel}","templated":true}]}}