{"id":46009,"date":"2018-11-28T14:01:00","date_gmt":"2018-11-28T11:01:00","guid":{"rendered":"http:\/\/www.ramrolf.eu\/product\/lvlupatinas-puteklu-merkant-38x38-10gab\/"},"modified":"2018-11-28T14:01:00","modified_gmt":"2018-11-28T11:01:00","slug":"lvlupatinas-puteklu-merkant-38x38-10gab","status":"publish","type":"product","link":"https:\/\/ramrolf.lv\/ru\/product\/lvlupatinas-puteklu-merkant-38x38-10gab\/","title":{"rendered":"Lupati\u0146as putek\u013cu MERKANT 38&#215;38 10gab."},"content":{"rendered":"","protected":false},"excerpt":{"rendered":"<p>Lupatas, \u0161vammes<\/p>\n","protected":false},"featured_media":46010,"template":"","meta":[],"product_cat":[506],"product_tag":[],"_links":{"self":[{"href":"https:\/\/ramrolf.lv\/ru\/wp-json\/wp\/v2\/product\/46009"}],"collection":[{"href":"https:\/\/ramrolf.lv\/ru\/wp-json\/wp\/v2\/product"}],"about":[{"href":"https:\/\/ramrolf.lv\/ru\/wp-json\/wp\/v2\/types\/product"}],"wp:featuredmedia":[{"embeddable":true,"href":"https:\/\/ramrolf.lv\/ru\/wp-json\/wp\/v2\/media\/46010"}],"wp:attachment":[{"href":"https:\/\/ramrolf.lv\/ru\/wp-json\/wp\/v2\/media?parent=46009"}],"wp:term":[{"taxonomy":"product_cat","embeddable":true,"href":"https:\/\/ramrolf.lv\/ru\/wp-json\/wp\/v2\/product_cat?post=46009"},{"taxonomy":"product_tag","embeddable":true,"href":"https:\/\/ramrolf.lv\/ru\/wp-json\/wp\/v2\/product_tag?post=46009"}],"curies":[{"name":"wp","href":"https:\/\/api.w.org\/{rel}","templated":true}]}}