{"id":46021,"date":"2018-11-28T14:01:06","date_gmt":"2018-11-28T11:01:06","guid":{"rendered":"http:\/\/www.ramrolf.eu\/product\/lvskidras-ziepes-palmolive-black-orhid-300ml\/"},"modified":"2018-11-28T14:01:06","modified_gmt":"2018-11-28T11:01:06","slug":"lvskidras-ziepes-palmolive-black-orhid-300ml","status":"publish","type":"product","link":"https:\/\/ramrolf.lv\/ru\/product\/lvskidras-ziepes-palmolive-black-orhid-300ml\/","title":{"rendered":"\u0160\u0137idr\u0101s ziepes PALMOLIVE Black Orhid 300ml"},"content":{"rendered":"","protected":false},"excerpt":{"rendered":"<p>\u0160\u0137idras ziepes<\/p>\n","protected":false},"featured_media":46022,"template":"","meta":[],"product_cat":[508],"product_tag":[],"_links":{"self":[{"href":"https:\/\/ramrolf.lv\/ru\/wp-json\/wp\/v2\/product\/46021"}],"collection":[{"href":"https:\/\/ramrolf.lv\/ru\/wp-json\/wp\/v2\/product"}],"about":[{"href":"https:\/\/ramrolf.lv\/ru\/wp-json\/wp\/v2\/types\/product"}],"wp:featuredmedia":[{"embeddable":true,"href":"https:\/\/ramrolf.lv\/ru\/wp-json\/wp\/v2\/media\/46022"}],"wp:attachment":[{"href":"https:\/\/ramrolf.lv\/ru\/wp-json\/wp\/v2\/media?parent=46021"}],"wp:term":[{"taxonomy":"product_cat","embeddable":true,"href":"https:\/\/ramrolf.lv\/ru\/wp-json\/wp\/v2\/product_cat?post=46021"},{"taxonomy":"product_tag","embeddable":true,"href":"https:\/\/ramrolf.lv\/ru\/wp-json\/wp\/v2\/product_tag?post=46021"}],"curies":[{"name":"wp","href":"https:\/\/api.w.org\/{rel}","templated":true}]}}