{"id":46050,"date":"2018-11-28T14:01:22","date_gmt":"2018-11-28T11:01:22","guid":{"rendered":"http:\/\/www.ramrolf.eu\/product\/lvskidras-ziepes-sd-apricot-500ml-ar-antibakter-iedarbibu-ewol\/"},"modified":"2018-11-28T14:01:22","modified_gmt":"2018-11-28T11:01:22","slug":"lvskidras-ziepes-sd-apricot-500ml-ar-antibakter-iedarbibu-ewol","status":"publish","type":"product","link":"https:\/\/ramrolf.lv\/ru\/product\/lvskidras-ziepes-sd-apricot-500ml-ar-antibakter-iedarbibu-ewol\/","title":{"rendered":"\u0160\u0137idr\u0101s ziepes SD Apricot 500ml ar antibakter.iedarb\u012bbu, EWOL"},"content":{"rendered":"","protected":false},"excerpt":{"rendered":"<p>\u0160\u0137idras ziepes<\/p>\n","protected":false},"featured_media":46051,"template":"","meta":[],"product_cat":[508],"product_tag":[],"_links":{"self":[{"href":"https:\/\/ramrolf.lv\/ru\/wp-json\/wp\/v2\/product\/46050"}],"collection":[{"href":"https:\/\/ramrolf.lv\/ru\/wp-json\/wp\/v2\/product"}],"about":[{"href":"https:\/\/ramrolf.lv\/ru\/wp-json\/wp\/v2\/types\/product"}],"wp:featuredmedia":[{"embeddable":true,"href":"https:\/\/ramrolf.lv\/ru\/wp-json\/wp\/v2\/media\/46051"}],"wp:attachment":[{"href":"https:\/\/ramrolf.lv\/ru\/wp-json\/wp\/v2\/media?parent=46050"}],"wp:term":[{"taxonomy":"product_cat","embeddable":true,"href":"https:\/\/ramrolf.lv\/ru\/wp-json\/wp\/v2\/product_cat?post=46050"},{"taxonomy":"product_tag","embeddable":true,"href":"https:\/\/ramrolf.lv\/ru\/wp-json\/wp\/v2\/product_tag?post=46050"}],"curies":[{"name":"wp","href":"https:\/\/api.w.org\/{rel}","templated":true}]}}