{"id":46052,"date":"2018-11-28T14:01:23","date_gmt":"2018-11-28T11:01:23","guid":{"rendered":"http:\/\/www.ramrolf.eu\/product\/lvmikroskiedras-lupatina-3m-scotch-brite-30x32cm\/"},"modified":"2018-11-28T14:01:23","modified_gmt":"2018-11-28T11:01:23","slug":"lvmikroskiedras-lupatina-3m-scotch-brite-30x32cm","status":"publish","type":"product","link":"https:\/\/ramrolf.lv\/ru\/product\/lvmikroskiedras-lupatina-3m-scotch-brite-30x32cm\/","title":{"rendered":"Mikro\u0161\u0137iedras lupati\u0146a 3M Scotch-Brite 30x32cm"},"content":{"rendered":"","protected":false},"excerpt":{"rendered":"<p>Lupatas, \u0161vammes<\/p>\n","protected":false},"featured_media":46053,"template":"","meta":[],"product_cat":[506],"product_tag":[],"_links":{"self":[{"href":"https:\/\/ramrolf.lv\/ru\/wp-json\/wp\/v2\/product\/46052"}],"collection":[{"href":"https:\/\/ramrolf.lv\/ru\/wp-json\/wp\/v2\/product"}],"about":[{"href":"https:\/\/ramrolf.lv\/ru\/wp-json\/wp\/v2\/types\/product"}],"wp:featuredmedia":[{"embeddable":true,"href":"https:\/\/ramrolf.lv\/ru\/wp-json\/wp\/v2\/media\/46053"}],"wp:attachment":[{"href":"https:\/\/ramrolf.lv\/ru\/wp-json\/wp\/v2\/media?parent=46052"}],"wp:term":[{"taxonomy":"product_cat","embeddable":true,"href":"https:\/\/ramrolf.lv\/ru\/wp-json\/wp\/v2\/product_cat?post=46052"},{"taxonomy":"product_tag","embeddable":true,"href":"https:\/\/ramrolf.lv\/ru\/wp-json\/wp\/v2\/product_tag?post=46052"}],"curies":[{"name":"wp","href":"https:\/\/api.w.org\/{rel}","templated":true}]}}