{"id":46066,"date":"2018-11-28T14:01:30","date_gmt":"2018-11-28T11:01:30","guid":{"rendered":"http:\/\/www.ramrolf.eu\/product\/lvslota-koka-gridai\/"},"modified":"2018-11-28T14:01:30","modified_gmt":"2018-11-28T11:01:30","slug":"lvslota-koka-gridai","status":"publish","type":"product","link":"https:\/\/ramrolf.lv\/ru\/product\/lvslota-koka-gridai\/","title":{"rendered":"Slota koka (gr\u012bdai)"},"content":{"rendered":"","protected":false},"excerpt":{"rendered":"<p>Slotas, mopi, birstes, liek\u0161\u0137eres<\/p>\n","protected":false},"featured_media":46067,"template":"","meta":[],"product_cat":[506],"product_tag":[],"_links":{"self":[{"href":"https:\/\/ramrolf.lv\/ru\/wp-json\/wp\/v2\/product\/46066"}],"collection":[{"href":"https:\/\/ramrolf.lv\/ru\/wp-json\/wp\/v2\/product"}],"about":[{"href":"https:\/\/ramrolf.lv\/ru\/wp-json\/wp\/v2\/types\/product"}],"wp:featuredmedia":[{"embeddable":true,"href":"https:\/\/ramrolf.lv\/ru\/wp-json\/wp\/v2\/media\/46067"}],"wp:attachment":[{"href":"https:\/\/ramrolf.lv\/ru\/wp-json\/wp\/v2\/media?parent=46066"}],"wp:term":[{"taxonomy":"product_cat","embeddable":true,"href":"https:\/\/ramrolf.lv\/ru\/wp-json\/wp\/v2\/product_cat?post=46066"},{"taxonomy":"product_tag","embeddable":true,"href":"https:\/\/ramrolf.lv\/ru\/wp-json\/wp\/v2\/product_tag?post=46066"}],"curies":[{"name":"wp","href":"https:\/\/api.w.org\/{rel}","templated":true}]}}