{"id":46078,"date":"2018-11-28T14:01:34","date_gmt":"2018-11-28T11:01:34","guid":{"rendered":"http:\/\/www.ramrolf.eu\/product\/lvskidras-ziepes-sd-apple-500ml-ar-antibakter-iedarbibu-ewol\/"},"modified":"2018-11-28T14:01:34","modified_gmt":"2018-11-28T11:01:34","slug":"lvskidras-ziepes-sd-apple-500ml-ar-antibakter-iedarbibu-ewol","status":"publish","type":"product","link":"https:\/\/ramrolf.lv\/ru\/product\/lvskidras-ziepes-sd-apple-500ml-ar-antibakter-iedarbibu-ewol\/","title":{"rendered":"\u0160\u0137idr\u0101s ziepes SD Apple 500ml ar antibakter. iedarb\u012bbu,  EWOL"},"content":{"rendered":"","protected":false},"excerpt":{"rendered":"<p>\u0160\u0137idras ziepes<\/p>\n","protected":false},"featured_media":46079,"template":"","meta":[],"product_cat":[508],"product_tag":[],"_links":{"self":[{"href":"https:\/\/ramrolf.lv\/ru\/wp-json\/wp\/v2\/product\/46078"}],"collection":[{"href":"https:\/\/ramrolf.lv\/ru\/wp-json\/wp\/v2\/product"}],"about":[{"href":"https:\/\/ramrolf.lv\/ru\/wp-json\/wp\/v2\/types\/product"}],"wp:featuredmedia":[{"embeddable":true,"href":"https:\/\/ramrolf.lv\/ru\/wp-json\/wp\/v2\/media\/46079"}],"wp:attachment":[{"href":"https:\/\/ramrolf.lv\/ru\/wp-json\/wp\/v2\/media?parent=46078"}],"wp:term":[{"taxonomy":"product_cat","embeddable":true,"href":"https:\/\/ramrolf.lv\/ru\/wp-json\/wp\/v2\/product_cat?post=46078"},{"taxonomy":"product_tag","embeddable":true,"href":"https:\/\/ramrolf.lv\/ru\/wp-json\/wp\/v2\/product_tag?post=46078"}],"curies":[{"name":"wp","href":"https:\/\/api.w.org\/{rel}","templated":true}]}}