{"id":46106,"date":"2018-11-28T14:01:44","date_gmt":"2018-11-28T11:01:44","guid":{"rendered":"http:\/\/www.ramrolf.eu\/product\/lvtualetes-papirs-premium-t6-advanced\/"},"modified":"2018-11-28T14:01:44","modified_gmt":"2018-11-28T11:01:44","slug":"lvtualetes-papirs-premium-t6-advanced","status":"publish","type":"product","link":"https:\/\/ramrolf.lv\/ru\/product\/lvtualetes-papirs-premium-t6-advanced\/","title":{"rendered":"Tualetes pap\u012brs Premium T6,  Advanced"},"content":{"rendered":"","protected":false},"excerpt":{"rendered":"<p>Tualetes pap\u012brs tur\u0113t\u0101jiem<\/p>\n","protected":false},"featured_media":46107,"template":"","meta":[],"product_cat":[511],"product_tag":[],"_links":{"self":[{"href":"https:\/\/ramrolf.lv\/ru\/wp-json\/wp\/v2\/product\/46106"}],"collection":[{"href":"https:\/\/ramrolf.lv\/ru\/wp-json\/wp\/v2\/product"}],"about":[{"href":"https:\/\/ramrolf.lv\/ru\/wp-json\/wp\/v2\/types\/product"}],"wp:featuredmedia":[{"embeddable":true,"href":"https:\/\/ramrolf.lv\/ru\/wp-json\/wp\/v2\/media\/46107"}],"wp:attachment":[{"href":"https:\/\/ramrolf.lv\/ru\/wp-json\/wp\/v2\/media?parent=46106"}],"wp:term":[{"taxonomy":"product_cat","embeddable":true,"href":"https:\/\/ramrolf.lv\/ru\/wp-json\/wp\/v2\/product_cat?post=46106"},{"taxonomy":"product_tag","embeddable":true,"href":"https:\/\/ramrolf.lv\/ru\/wp-json\/wp\/v2\/product_tag?post=46106"}],"curies":[{"name":"wp","href":"https:\/\/api.w.org\/{rel}","templated":true}]}}