{"id":46114,"date":"2018-11-28T14:01:47","date_gmt":"2018-11-28T11:01:47","guid":{"rendered":"http:\/\/www.ramrolf.eu\/product\/lvcimdi-2-pari-saimniecibas-un-darza-darbiem-l-9\/"},"modified":"2018-11-28T14:01:47","modified_gmt":"2018-11-28T11:01:47","slug":"lvcimdi-2-pari-saimniecibas-un-darza-darbiem-l-9","status":"publish","type":"product","link":"https:\/\/ramrolf.lv\/ru\/product\/lvcimdi-2-pari-saimniecibas-un-darza-darbiem-l-9\/","title":{"rendered":"Cimdi 2 p\u0101ri,  saimniec\u012bbas un d\u0101rza darbiem L\/9"},"content":{"rendered":"","protected":false},"excerpt":{"rendered":"<p>Cimdi<\/p>\n","protected":false},"featured_media":46115,"template":"","meta":[],"product_cat":[506],"product_tag":[],"_links":{"self":[{"href":"https:\/\/ramrolf.lv\/ru\/wp-json\/wp\/v2\/product\/46114"}],"collection":[{"href":"https:\/\/ramrolf.lv\/ru\/wp-json\/wp\/v2\/product"}],"about":[{"href":"https:\/\/ramrolf.lv\/ru\/wp-json\/wp\/v2\/types\/product"}],"wp:featuredmedia":[{"embeddable":true,"href":"https:\/\/ramrolf.lv\/ru\/wp-json\/wp\/v2\/media\/46115"}],"wp:attachment":[{"href":"https:\/\/ramrolf.lv\/ru\/wp-json\/wp\/v2\/media?parent=46114"}],"wp:term":[{"taxonomy":"product_cat","embeddable":true,"href":"https:\/\/ramrolf.lv\/ru\/wp-json\/wp\/v2\/product_cat?post=46114"},{"taxonomy":"product_tag","embeddable":true,"href":"https:\/\/ramrolf.lv\/ru\/wp-json\/wp\/v2\/product_tag?post=46114"}],"curies":[{"name":"wp","href":"https:\/\/api.w.org\/{rel}","templated":true}]}}