{"id":46136,"date":"2018-11-28T14:01:56","date_gmt":"2018-11-28T11:01:56","guid":{"rendered":"http:\/\/www.ramrolf.eu\/product\/lvsuklis-sano-magic-extra-tirisanai-ar-udeni-6gab\/"},"modified":"2018-11-28T14:01:56","modified_gmt":"2018-11-28T11:01:56","slug":"lvsuklis-sano-magic-extra-tirisanai-ar-udeni-6gab","status":"publish","type":"product","link":"https:\/\/ramrolf.lv\/ru\/product\/lvsuklis-sano-magic-extra-tirisanai-ar-udeni-6gab\/","title":{"rendered":"S\u016bklis Sano MAGIC Extra t\u012br\u012b\u0161anai ar \u016bdeni 6gab."},"content":{"rendered":"","protected":false},"excerpt":{"rendered":"<p>Univers\u0101lie t\u012br\u012b\u0161anas un mazg\u0101\u0161anas l\u012bdzek\u013ci<\/p>\n","protected":false},"featured_media":46137,"template":"","meta":[],"product_cat":[503],"product_tag":[],"_links":{"self":[{"href":"https:\/\/ramrolf.lv\/ru\/wp-json\/wp\/v2\/product\/46136"}],"collection":[{"href":"https:\/\/ramrolf.lv\/ru\/wp-json\/wp\/v2\/product"}],"about":[{"href":"https:\/\/ramrolf.lv\/ru\/wp-json\/wp\/v2\/types\/product"}],"wp:featuredmedia":[{"embeddable":true,"href":"https:\/\/ramrolf.lv\/ru\/wp-json\/wp\/v2\/media\/46137"}],"wp:attachment":[{"href":"https:\/\/ramrolf.lv\/ru\/wp-json\/wp\/v2\/media?parent=46136"}],"wp:term":[{"taxonomy":"product_cat","embeddable":true,"href":"https:\/\/ramrolf.lv\/ru\/wp-json\/wp\/v2\/product_cat?post=46136"},{"taxonomy":"product_tag","embeddable":true,"href":"https:\/\/ramrolf.lv\/ru\/wp-json\/wp\/v2\/product_tag?post=46136"}],"curies":[{"name":"wp","href":"https:\/\/api.w.org\/{rel}","templated":true}]}}