{"id":46140,"date":"2018-11-28T14:01:58","date_gmt":"2018-11-28T11:01:58","guid":{"rendered":"http:\/\/www.ramrolf.eu\/product\/lvsano-sanobon-blue-5in1-55g-tirisanas-bloks-tualetes-podam\/"},"modified":"2018-11-28T14:01:58","modified_gmt":"2018-11-28T11:01:58","slug":"lvsano-sanobon-blue-5in1-55g-tirisanas-bloks-tualetes-podam","status":"publish","type":"product","link":"https:\/\/ramrolf.lv\/ru\/product\/lvsano-sanobon-blue-5in1-55g-tirisanas-bloks-tualetes-podam\/","title":{"rendered":"SANO Sanobon Blue 5in1 55g t\u012br\u012b\u0161anas bloks tualetes podam"},"content":{"rendered":"","protected":false},"excerpt":{"rendered":"<p>Sanit\u0101ro telpu t\u012br\u012b\u0161anas l\u012bdzek\u013ci<\/p>\n","protected":false},"featured_media":46141,"template":"","meta":[],"product_cat":[503],"product_tag":[],"_links":{"self":[{"href":"https:\/\/ramrolf.lv\/ru\/wp-json\/wp\/v2\/product\/46140"}],"collection":[{"href":"https:\/\/ramrolf.lv\/ru\/wp-json\/wp\/v2\/product"}],"about":[{"href":"https:\/\/ramrolf.lv\/ru\/wp-json\/wp\/v2\/types\/product"}],"wp:featuredmedia":[{"embeddable":true,"href":"https:\/\/ramrolf.lv\/ru\/wp-json\/wp\/v2\/media\/46141"}],"wp:attachment":[{"href":"https:\/\/ramrolf.lv\/ru\/wp-json\/wp\/v2\/media?parent=46140"}],"wp:term":[{"taxonomy":"product_cat","embeddable":true,"href":"https:\/\/ramrolf.lv\/ru\/wp-json\/wp\/v2\/product_cat?post=46140"},{"taxonomy":"product_tag","embeddable":true,"href":"https:\/\/ramrolf.lv\/ru\/wp-json\/wp\/v2\/product_tag?post=46140"}],"curies":[{"name":"wp","href":"https:\/\/api.w.org\/{rel}","templated":true}]}}